{"id":6086,"date":"2025-12-18T15:00:07","date_gmt":"2025-12-18T15:00:07","guid":{"rendered":"https:\/\/www.oriocenter.it\/?post_type=product&#038;p=6086"},"modified":"2026-01-28T15:52:01","modified_gmt":"2026-01-28T15:52:01","slug":"adopt","status":"publish","type":"product","link":"https:\/\/www.oriocenter.it\/en\/negozi\/adopt\/","title":{"rendered":"ADOPT"},"content":{"rendered":"<p class=\"p1\">Adopt Parfums is a French brand offering high-quality perfumes created by master perfumers and produced in France.<\/p>\n<p class=\"p1\">More than 100 original eaux de parfums, joyful, feminine, masculine or mixed, fruity, floral, woody or chypre, to satisfy your desires, your styles, your moods, at every moment of your day. Because yes, you are more than one person at the same time and yes, you have more than one life, so it is time to multiply your pleasures and not limit yourself to just one perfume.\u00a0<span class=\"s1\">\u200b<\/span><\/p>\n<p class=\"p1\">Prolong the experience with vegan rituals, skin, body, face and hair care, formulated with natural ingredients and effective active ingredients.<span class=\"s1\">\u200b<\/span><\/p>\n<p class=\"p1\">Finally, give and treat yourself to scented packages that combine fragrances and skincare products. Best-sellers, iconic fragrances, novelties, find the perfect gift and a little attention that will get you noticed.<\/p>\n<p class=\"p1\">Discover our passionate and knowledgeable perfumery experts, ready to guide you through our wide range of exclusive fragrances. Whether you are looking for a distinctive new scent, the perfect gift or simply want to explore the latest olfactory trends, our in-store services are made to meet your every need.<\/p>","protected":false},"excerpt":{"rendered":"<p>Adopt Parfums \u00e8 un marchio francese che offre profumi di alta qualit\u00e0 creati da maestri profumieri e prodotti in Francia. Pi\u00f9 di 100 eaux de parfums originali, gioiose, femminili, maschili o miste, fruttate, floreali, legnose o chypre, per soddisfare i vostri desideri, i vostri stili, i vostri umori, in ogni momento della vostra giornata. Perch\u00e9 [&hellip;]<\/p>","protected":false},"featured_media":6087,"comment_status":"open","ping_status":"closed","template":"","meta":{"_acf_changed":false},"product_brand":[],"product_cat":[551],"product_tag":[],"class_list":{"0":"post-6086","1":"product","2":"type-product","3":"status-publish","4":"has-post-thumbnail","6":"product_cat-beauty-cosmesi","8":"first","9":"instock","10":"shipping-taxable","11":"product-type-simple"},"acf":[],"yoast_head":"<!-- This site is optimized with the Yoast SEO plugin v26.5 - https:\/\/yoast.com\/wordpress\/plugins\/seo\/ -->\n<title>ADOPT | Oriocenter<\/title>\n<meta name=\"robots\" content=\"index, follow, max-snippet:-1, max-image-preview:large, max-video-preview:-1\" \/>\n<link rel=\"canonical\" href=\"https:\/\/www.oriocenter.it\/en\/negozi\/adopt\/\" \/>\n<meta property=\"og:locale\" content=\"en_GB\" \/>\n<meta property=\"og:type\" content=\"article\" \/>\n<meta property=\"og:title\" content=\"ADOPT | Oriocenter\" \/>\n<meta property=\"og:description\" content=\"Adopt Parfums \u00e8 un marchio francese che offre profumi di alta qualit\u00e0 creati da maestri profumieri e prodotti in Francia. Pi\u00f9 di 100 eaux de parfums originali, gioiose, femminili, maschili o miste, fruttate, floreali, legnose o chypre, per soddisfare i vostri desideri, i vostri stili, i vostri umori, in ogni momento della vostra giornata. Perch\u00e9 [&hellip;]\" \/>\n<meta property=\"og:url\" content=\"https:\/\/www.oriocenter.it\/en\/negozi\/adopt\/\" \/>\n<meta property=\"og:site_name\" content=\"Oriocenter\" \/>\n<meta property=\"article:modified_time\" content=\"2026-01-28T15:52:01+00:00\" \/>\n<meta property=\"og:image\" content=\"https:\/\/www.oriocenter.it\/wp-content\/uploads\/2025\/01\/Oriocenter_10.webp\" \/>\n\t<meta property=\"og:image:width\" content=\"960\" \/>\n\t<meta property=\"og:image:height\" content=\"640\" \/>\n\t<meta property=\"og:image:type\" content=\"image\/webp\" \/>\n<meta name=\"twitter:card\" content=\"summary_large_image\" \/>\n<meta name=\"twitter:label1\" content=\"Estimated reading time\" \/>\n\t<meta name=\"twitter:data1\" content=\"2 minutes\" \/>\n<script type=\"application\/ld+json\" class=\"yoast-schema-graph\">{\"@context\":\"https:\/\/schema.org\",\"@graph\":[{\"@type\":\"WebPage\",\"@id\":\"https:\/\/www.oriocenter.it\/negozi\/adopt\/\",\"url\":\"https:\/\/www.oriocenter.it\/negozi\/adopt\/\",\"name\":\"ADOPT | Oriocenter\",\"isPartOf\":{\"@id\":\"https:\/\/www.oriocenter.it\/#website\"},\"primaryImageOfPage\":{\"@id\":\"https:\/\/www.oriocenter.it\/negozi\/adopt\/#primaryimage\"},\"image\":{\"@id\":\"https:\/\/www.oriocenter.it\/negozi\/adopt\/#primaryimage\"},\"thumbnailUrl\":\"https:\/\/www.oriocenter.it\/wp-content\/uploads\/2025\/12\/ADOPT-NEW-LOGO-PANTONE.png\",\"datePublished\":\"2025-12-18T15:00:07+00:00\",\"dateModified\":\"2026-01-28T15:52:01+00:00\",\"breadcrumb\":{\"@id\":\"https:\/\/www.oriocenter.it\/negozi\/adopt\/#breadcrumb\"},\"inLanguage\":\"en-GB\",\"potentialAction\":[{\"@type\":\"ReadAction\",\"target\":[\"https:\/\/www.oriocenter.it\/negozi\/adopt\/\"]}]},{\"@type\":\"ImageObject\",\"inLanguage\":\"en-GB\",\"@id\":\"https:\/\/www.oriocenter.it\/negozi\/adopt\/#primaryimage\",\"url\":\"https:\/\/www.oriocenter.it\/wp-content\/uploads\/2025\/12\/ADOPT-NEW-LOGO-PANTONE.png\",\"contentUrl\":\"https:\/\/www.oriocenter.it\/wp-content\/uploads\/2025\/12\/ADOPT-NEW-LOGO-PANTONE.png\",\"width\":514,\"height\":212},{\"@type\":\"BreadcrumbList\",\"@id\":\"https:\/\/www.oriocenter.it\/negozi\/adopt\/#breadcrumb\",\"itemListElement\":[{\"@type\":\"ListItem\",\"position\":1,\"name\":\"Home\",\"item\":\"https:\/\/www.oriocenter.it\/\"},{\"@type\":\"ListItem\",\"position\":2,\"name\":\"Negozi\",\"item\":\"https:\/\/www.oriocenter.it\/negozi\/\"},{\"@type\":\"ListItem\",\"position\":3,\"name\":\"ADOPT\"}]},{\"@type\":\"WebSite\",\"@id\":\"https:\/\/www.oriocenter.it\/#website\",\"url\":\"https:\/\/www.oriocenter.it\/\",\"name\":\"Oriocenter\",\"description\":\"Dove lo shopping diventa esperienza\",\"publisher\":{\"@id\":\"https:\/\/www.oriocenter.it\/#organization\"},\"potentialAction\":[{\"@type\":\"SearchAction\",\"target\":{\"@type\":\"EntryPoint\",\"urlTemplate\":\"https:\/\/www.oriocenter.it\/?s={search_term_string}\"},\"query-input\":{\"@type\":\"PropertyValueSpecification\",\"valueRequired\":true,\"valueName\":\"search_term_string\"}}],\"inLanguage\":\"en-GB\"},{\"@type\":\"Organization\",\"@id\":\"https:\/\/www.oriocenter.it\/#organization\",\"name\":\"Oriocenter\",\"url\":\"https:\/\/www.oriocenter.it\/\",\"logo\":{\"@type\":\"ImageObject\",\"inLanguage\":\"en-GB\",\"@id\":\"https:\/\/www.oriocenter.it\/#\/schema\/logo\/image\/\",\"url\":\"https:\/\/www.oriocenter.it\/wp-content\/uploads\/2025\/01\/logo-orio-nero.svg\",\"contentUrl\":\"https:\/\/www.oriocenter.it\/wp-content\/uploads\/2025\/01\/logo-orio-nero.svg\",\"width\":551,\"height\":106,\"caption\":\"Oriocenter\"},\"image\":{\"@id\":\"https:\/\/www.oriocenter.it\/#\/schema\/logo\/image\/\"}}]}<\/script>\n<!-- \/ Yoast SEO plugin. -->","yoast_head_json":{"title":"ADOPT | Oriocenter","robots":{"index":"index","follow":"follow","max-snippet":"max-snippet:-1","max-image-preview":"max-image-preview:large","max-video-preview":"max-video-preview:-1"},"canonical":"https:\/\/www.oriocenter.it\/en\/negozi\/adopt\/","og_locale":"en_GB","og_type":"article","og_title":"ADOPT | Oriocenter","og_description":"Adopt Parfums \u00e8 un marchio francese che offre profumi di alta qualit\u00e0 creati da maestri profumieri e prodotti in Francia. Pi\u00f9 di 100 eaux de parfums originali, gioiose, femminili, maschili o miste, fruttate, floreali, legnose o chypre, per soddisfare i vostri desideri, i vostri stili, i vostri umori, in ogni momento della vostra giornata. Perch\u00e9 [&hellip;]","og_url":"https:\/\/www.oriocenter.it\/en\/negozi\/adopt\/","og_site_name":"Oriocenter","article_modified_time":"2026-01-28T15:52:01+00:00","og_image":[{"width":960,"height":640,"url":"https:\/\/www.oriocenter.it\/wp-content\/uploads\/2025\/01\/Oriocenter_10.webp","type":"image\/webp"}],"twitter_card":"summary_large_image","twitter_misc":{"Estimated reading time":"2 minutes"},"schema":{"@context":"https:\/\/schema.org","@graph":[{"@type":"WebPage","@id":"https:\/\/www.oriocenter.it\/negozi\/adopt\/","url":"https:\/\/www.oriocenter.it\/negozi\/adopt\/","name":"ADOPT | Oriocenter","isPartOf":{"@id":"https:\/\/www.oriocenter.it\/#website"},"primaryImageOfPage":{"@id":"https:\/\/www.oriocenter.it\/negozi\/adopt\/#primaryimage"},"image":{"@id":"https:\/\/www.oriocenter.it\/negozi\/adopt\/#primaryimage"},"thumbnailUrl":"https:\/\/www.oriocenter.it\/wp-content\/uploads\/2025\/12\/ADOPT-NEW-LOGO-PANTONE.png","datePublished":"2025-12-18T15:00:07+00:00","dateModified":"2026-01-28T15:52:01+00:00","breadcrumb":{"@id":"https:\/\/www.oriocenter.it\/negozi\/adopt\/#breadcrumb"},"inLanguage":"en-GB","potentialAction":[{"@type":"ReadAction","target":["https:\/\/www.oriocenter.it\/negozi\/adopt\/"]}]},{"@type":"ImageObject","inLanguage":"en-GB","@id":"https:\/\/www.oriocenter.it\/negozi\/adopt\/#primaryimage","url":"https:\/\/www.oriocenter.it\/wp-content\/uploads\/2025\/12\/ADOPT-NEW-LOGO-PANTONE.png","contentUrl":"https:\/\/www.oriocenter.it\/wp-content\/uploads\/2025\/12\/ADOPT-NEW-LOGO-PANTONE.png","width":514,"height":212},{"@type":"BreadcrumbList","@id":"https:\/\/www.oriocenter.it\/negozi\/adopt\/#breadcrumb","itemListElement":[{"@type":"ListItem","position":1,"name":"Home","item":"https:\/\/www.oriocenter.it\/"},{"@type":"ListItem","position":2,"name":"Negozi","item":"https:\/\/www.oriocenter.it\/negozi\/"},{"@type":"ListItem","position":3,"name":"ADOPT"}]},{"@type":"WebSite","@id":"https:\/\/www.oriocenter.it\/#website","url":"https:\/\/www.oriocenter.it\/","name":"Oriocenter","description":"Where shopping becomes an experience","publisher":{"@id":"https:\/\/www.oriocenter.it\/#organization"},"potentialAction":[{"@type":"SearchAction","target":{"@type":"EntryPoint","urlTemplate":"https:\/\/www.oriocenter.it\/?s={search_term_string}"},"query-input":{"@type":"PropertyValueSpecification","valueRequired":true,"valueName":"search_term_string"}}],"inLanguage":"en-GB"},{"@type":"Organization","@id":"https:\/\/www.oriocenter.it\/#organization","name":"Oriocenter","url":"https:\/\/www.oriocenter.it\/","logo":{"@type":"ImageObject","inLanguage":"en-GB","@id":"https:\/\/www.oriocenter.it\/#\/schema\/logo\/image\/","url":"https:\/\/www.oriocenter.it\/wp-content\/uploads\/2025\/01\/logo-orio-nero.svg","contentUrl":"https:\/\/www.oriocenter.it\/wp-content\/uploads\/2025\/01\/logo-orio-nero.svg","width":551,"height":106,"caption":"Oriocenter"},"image":{"@id":"https:\/\/www.oriocenter.it\/#\/schema\/logo\/image\/"}}]}},"_links":{"self":[{"href":"https:\/\/www.oriocenter.it\/en\/wp-json\/wp\/v2\/product\/6086","targetHints":{"allow":["GET"]}}],"collection":[{"href":"https:\/\/www.oriocenter.it\/en\/wp-json\/wp\/v2\/product"}],"about":[{"href":"https:\/\/www.oriocenter.it\/en\/wp-json\/wp\/v2\/types\/product"}],"replies":[{"embeddable":true,"href":"https:\/\/www.oriocenter.it\/en\/wp-json\/wp\/v2\/comments?post=6086"}],"wp:featuredmedia":[{"embeddable":true,"href":"https:\/\/www.oriocenter.it\/en\/wp-json\/wp\/v2\/media\/6087"}],"wp:attachment":[{"href":"https:\/\/www.oriocenter.it\/en\/wp-json\/wp\/v2\/media?parent=6086"}],"wp:term":[{"taxonomy":"product_brand","embeddable":true,"href":"https:\/\/www.oriocenter.it\/en\/wp-json\/wp\/v2\/product_brand?post=6086"},{"taxonomy":"product_cat","embeddable":true,"href":"https:\/\/www.oriocenter.it\/en\/wp-json\/wp\/v2\/product_cat?post=6086"},{"taxonomy":"product_tag","embeddable":true,"href":"https:\/\/www.oriocenter.it\/en\/wp-json\/wp\/v2\/product_tag?post=6086"}],"curies":[{"name":"wp","href":"https:\/\/api.w.org\/{rel}","templated":true}]}}