{"id":5840,"date":"2025-11-18T07:58:37","date_gmt":"2025-11-18T07:58:37","guid":{"rendered":"https:\/\/www.oriocenter.it\/?post_type=product&#038;p=5840"},"modified":"2026-01-19T16:26:47","modified_gmt":"2026-01-19T16:26:47","slug":"dreame","status":"publish","type":"product","link":"https:\/\/www.oriocenter.it\/en\/negozi\/dreame\/","title":{"rendered":"DREAME"},"content":{"rendered":"<div id=\"app\">\n<section class=\"content-section\">\n<div class=\"container\">\n<div class=\"row\">\n<div class=\"col-12\">\n<div class=\"venue-description\">\n<div data-zone-id=\"0\" data-line-index=\"4\" data-line=\"true\">\n<div dir=\"auto\" data-line-height=\"120%\">Founded in 2017, Dreame Technology is an innovative consumer electronics company that focuses on the production of smart home cleaning appliances, whose vision is to improve lives through technology. With over 150 registered patents, Dreame has pioneered innovations and technologies in the fields of high-speed motors, monocular machine vision, SLAM (Simultaneous Localization and Mapping) and multi-cyclone separation.<\/div>\n<\/div>\n<div data-zone-id=\"0\" data-line-index=\"5\" data-line=\"true\">\n<div dir=\"auto\" data-line-height=\"120%\">Today, Dreame offers a full range of products, including robot vacuums, wet &amp; dry hoovers, cordless hoovers, lawn mowers and hair care products, all designed to deliver powerful performance and an effortless cleaning experience. As a leader in home and garden care, Dreame continues to redefine convenience and innovation across all product lines, ensuring users smarter, cleaner living spaces every day.<\/div>\n<div dir=\"auto\" data-line-height=\"120%\"><\/div>\n<\/div>\n<div data-zone-id=\"0\" data-line-index=\"6\" data-line=\"true\">\n<div dir=\"auto\" data-line-height=\"120%\">Follow us on <a class=\"not-doclink\" title=\"https:\/\/urlsand.esvalabs.com\/?u=https%3A%2F%2Fwww.facebook.com%2Fdreametechitaly&amp;e=5ebf2175&amp;h=b8c9b492&amp;f=y&amp;p=y\" href=\"https:\/\/urlsand.esvalabs.com\/?u=https%3A%2F%2Fwww.facebook.com%2Fdreametechitaly&amp;e=5ebf2175&amp;h=b8c9b492&amp;f=y&amp;p=y\" target=\"_blank\" rel=\"noopener noreferrer\">Facebook<\/a>, <a class=\"not-doclink\" title=\"https:\/\/urlsand.esvalabs.com\/?u=https%3A%2F%2Fwww.instagram.com%2Fdreame_italia%2F&amp;e=5ebf2175&amp;h=e669bf52&amp;f=y&amp;p=y\" href=\"https:\/\/urlsand.esvalabs.com\/?u=https%3A%2F%2Fwww.instagram.com%2Fdreame_italia%2F&amp;e=5ebf2175&amp;h=e669bf52&amp;f=y&amp;p=y\" target=\"_blank\" rel=\"noopener noreferrer\">Instagram<\/a>\u00a0e <a class=\"not-doclink\" title=\"https:\/\/urlsand.esvalabs.com\/?u=https%3A%2F%2Fx.com%2Fdreame_tech&amp;e=5ebf2175&amp;h=f23bdd60&amp;f=y&amp;p=y\" href=\"https:\/\/urlsand.esvalabs.com\/?u=https%3A%2F%2Fx.com%2Fdreame_tech&amp;e=5ebf2175&amp;h=f23bdd60&amp;f=y&amp;p=y\" target=\"_blank\" rel=\"noopener noreferrer\">X<\/a><\/div>\n<\/div>\n<\/div>\n<\/div>\n<\/div>\n<\/div>\n<\/section>\n<\/div>","protected":false},"excerpt":{"rendered":"<p>Fondata nel 2017, Dreame Technology \u00e8 un&#8217;azienda innovativa di consumer electronics che si concentra sulla produzione di elettrodomestici intelligenti per la pulizia della casa, la cui visione \u00e8 di migliorare la vita attraverso la tecnologia. Con oltre 150 brevetti registrati, Dreame \u00e8 stata pioniera di innovazioni e tecnologie nei campi di motori ad alta velocit\u00e0, [&hellip;]<\/p>","protected":false},"featured_media":5842,"comment_status":"open","ping_status":"closed","template":"","meta":{"_acf_changed":false},"product_brand":[],"product_cat":[540,532],"product_tag":[],"class_list":{"0":"post-5840","1":"product","2":"type-product","3":"status-publish","4":"has-post-thumbnail","6":"product_cat-elettronica-tecnologia","7":"product_cat-negozi","9":"first","10":"instock","11":"shipping-taxable","12":"product-type-simple"},"acf":[],"yoast_head":"<!-- This site is optimized with the Yoast SEO plugin v26.5 - https:\/\/yoast.com\/wordpress\/plugins\/seo\/ -->\n<title>DREAME | Oriocenter<\/title>\n<meta name=\"robots\" content=\"index, follow, max-snippet:-1, max-image-preview:large, max-video-preview:-1\" \/>\n<link rel=\"canonical\" href=\"https:\/\/www.oriocenter.it\/en\/negozi\/dreame\/\" \/>\n<meta property=\"og:locale\" content=\"en_GB\" \/>\n<meta property=\"og:type\" content=\"article\" \/>\n<meta property=\"og:title\" content=\"DREAME | Oriocenter\" \/>\n<meta property=\"og:description\" content=\"Fondata nel 2017, Dreame Technology \u00e8 un&#8217;azienda innovativa di consumer electronics che si concentra sulla produzione di elettrodomestici intelligenti per la pulizia della casa, la cui visione \u00e8 di migliorare la vita attraverso la tecnologia. Con oltre 150 brevetti registrati, Dreame \u00e8 stata pioniera di innovazioni e tecnologie nei campi di motori ad alta velocit\u00e0, [&hellip;]\" \/>\n<meta property=\"og:url\" content=\"https:\/\/www.oriocenter.it\/en\/negozi\/dreame\/\" \/>\n<meta property=\"og:site_name\" content=\"Oriocenter\" \/>\n<meta property=\"article:modified_time\" content=\"2026-01-19T16:26:47+00:00\" \/>\n<meta property=\"og:image\" content=\"https:\/\/www.oriocenter.it\/wp-content\/uploads\/2025\/01\/Oriocenter_10.webp\" \/>\n\t<meta property=\"og:image:width\" content=\"960\" \/>\n\t<meta property=\"og:image:height\" content=\"640\" \/>\n\t<meta property=\"og:image:type\" content=\"image\/webp\" \/>\n<meta name=\"twitter:card\" content=\"summary_large_image\" \/>\n<meta name=\"twitter:label1\" content=\"Estimated reading time\" \/>\n\t<meta name=\"twitter:data1\" content=\"1 minute\" \/>\n<script type=\"application\/ld+json\" class=\"yoast-schema-graph\">{\"@context\":\"https:\/\/schema.org\",\"@graph\":[{\"@type\":\"WebPage\",\"@id\":\"https:\/\/www.oriocenter.it\/negozi\/dreame\/\",\"url\":\"https:\/\/www.oriocenter.it\/negozi\/dreame\/\",\"name\":\"DREAME | Oriocenter\",\"isPartOf\":{\"@id\":\"https:\/\/www.oriocenter.it\/#website\"},\"primaryImageOfPage\":{\"@id\":\"https:\/\/www.oriocenter.it\/negozi\/dreame\/#primaryimage\"},\"image\":{\"@id\":\"https:\/\/www.oriocenter.it\/negozi\/dreame\/#primaryimage\"},\"thumbnailUrl\":\"https:\/\/www.oriocenter.it\/wp-content\/uploads\/2025\/11\/dreame.png\",\"datePublished\":\"2025-11-18T07:58:37+00:00\",\"dateModified\":\"2026-01-19T16:26:47+00:00\",\"breadcrumb\":{\"@id\":\"https:\/\/www.oriocenter.it\/negozi\/dreame\/#breadcrumb\"},\"inLanguage\":\"en-GB\",\"potentialAction\":[{\"@type\":\"ReadAction\",\"target\":[\"https:\/\/www.oriocenter.it\/negozi\/dreame\/\"]}]},{\"@type\":\"ImageObject\",\"inLanguage\":\"en-GB\",\"@id\":\"https:\/\/www.oriocenter.it\/negozi\/dreame\/#primaryimage\",\"url\":\"https:\/\/www.oriocenter.it\/wp-content\/uploads\/2025\/11\/dreame.png\",\"contentUrl\":\"https:\/\/www.oriocenter.it\/wp-content\/uploads\/2025\/11\/dreame.png\",\"width\":380,\"height\":150},{\"@type\":\"BreadcrumbList\",\"@id\":\"https:\/\/www.oriocenter.it\/negozi\/dreame\/#breadcrumb\",\"itemListElement\":[{\"@type\":\"ListItem\",\"position\":1,\"name\":\"Home\",\"item\":\"https:\/\/www.oriocenter.it\/\"},{\"@type\":\"ListItem\",\"position\":2,\"name\":\"Negozi\",\"item\":\"https:\/\/www.oriocenter.it\/negozi\/\"},{\"@type\":\"ListItem\",\"position\":3,\"name\":\"DREAME\"}]},{\"@type\":\"WebSite\",\"@id\":\"https:\/\/www.oriocenter.it\/#website\",\"url\":\"https:\/\/www.oriocenter.it\/\",\"name\":\"Oriocenter\",\"description\":\"Dove lo shopping diventa esperienza\",\"publisher\":{\"@id\":\"https:\/\/www.oriocenter.it\/#organization\"},\"potentialAction\":[{\"@type\":\"SearchAction\",\"target\":{\"@type\":\"EntryPoint\",\"urlTemplate\":\"https:\/\/www.oriocenter.it\/?s={search_term_string}\"},\"query-input\":{\"@type\":\"PropertyValueSpecification\",\"valueRequired\":true,\"valueName\":\"search_term_string\"}}],\"inLanguage\":\"en-GB\"},{\"@type\":\"Organization\",\"@id\":\"https:\/\/www.oriocenter.it\/#organization\",\"name\":\"Oriocenter\",\"url\":\"https:\/\/www.oriocenter.it\/\",\"logo\":{\"@type\":\"ImageObject\",\"inLanguage\":\"en-GB\",\"@id\":\"https:\/\/www.oriocenter.it\/#\/schema\/logo\/image\/\",\"url\":\"https:\/\/www.oriocenter.it\/wp-content\/uploads\/2025\/01\/logo-orio-nero.svg\",\"contentUrl\":\"https:\/\/www.oriocenter.it\/wp-content\/uploads\/2025\/01\/logo-orio-nero.svg\",\"width\":551,\"height\":106,\"caption\":\"Oriocenter\"},\"image\":{\"@id\":\"https:\/\/www.oriocenter.it\/#\/schema\/logo\/image\/\"}}]}<\/script>\n<!-- \/ Yoast SEO plugin. -->","yoast_head_json":{"title":"DREAME | Oriocenter","robots":{"index":"index","follow":"follow","max-snippet":"max-snippet:-1","max-image-preview":"max-image-preview:large","max-video-preview":"max-video-preview:-1"},"canonical":"https:\/\/www.oriocenter.it\/en\/negozi\/dreame\/","og_locale":"en_GB","og_type":"article","og_title":"DREAME | Oriocenter","og_description":"Fondata nel 2017, Dreame Technology \u00e8 un&#8217;azienda innovativa di consumer electronics che si concentra sulla produzione di elettrodomestici intelligenti per la pulizia della casa, la cui visione \u00e8 di migliorare la vita attraverso la tecnologia. Con oltre 150 brevetti registrati, Dreame \u00e8 stata pioniera di innovazioni e tecnologie nei campi di motori ad alta velocit\u00e0, [&hellip;]","og_url":"https:\/\/www.oriocenter.it\/en\/negozi\/dreame\/","og_site_name":"Oriocenter","article_modified_time":"2026-01-19T16:26:47+00:00","og_image":[{"width":960,"height":640,"url":"https:\/\/www.oriocenter.it\/wp-content\/uploads\/2025\/01\/Oriocenter_10.webp","type":"image\/webp"}],"twitter_card":"summary_large_image","twitter_misc":{"Estimated reading time":"1 minute"},"schema":{"@context":"https:\/\/schema.org","@graph":[{"@type":"WebPage","@id":"https:\/\/www.oriocenter.it\/negozi\/dreame\/","url":"https:\/\/www.oriocenter.it\/negozi\/dreame\/","name":"DREAME | Oriocenter","isPartOf":{"@id":"https:\/\/www.oriocenter.it\/#website"},"primaryImageOfPage":{"@id":"https:\/\/www.oriocenter.it\/negozi\/dreame\/#primaryimage"},"image":{"@id":"https:\/\/www.oriocenter.it\/negozi\/dreame\/#primaryimage"},"thumbnailUrl":"https:\/\/www.oriocenter.it\/wp-content\/uploads\/2025\/11\/dreame.png","datePublished":"2025-11-18T07:58:37+00:00","dateModified":"2026-01-19T16:26:47+00:00","breadcrumb":{"@id":"https:\/\/www.oriocenter.it\/negozi\/dreame\/#breadcrumb"},"inLanguage":"en-GB","potentialAction":[{"@type":"ReadAction","target":["https:\/\/www.oriocenter.it\/negozi\/dreame\/"]}]},{"@type":"ImageObject","inLanguage":"en-GB","@id":"https:\/\/www.oriocenter.it\/negozi\/dreame\/#primaryimage","url":"https:\/\/www.oriocenter.it\/wp-content\/uploads\/2025\/11\/dreame.png","contentUrl":"https:\/\/www.oriocenter.it\/wp-content\/uploads\/2025\/11\/dreame.png","width":380,"height":150},{"@type":"BreadcrumbList","@id":"https:\/\/www.oriocenter.it\/negozi\/dreame\/#breadcrumb","itemListElement":[{"@type":"ListItem","position":1,"name":"Home","item":"https:\/\/www.oriocenter.it\/"},{"@type":"ListItem","position":2,"name":"Negozi","item":"https:\/\/www.oriocenter.it\/negozi\/"},{"@type":"ListItem","position":3,"name":"DREAME"}]},{"@type":"WebSite","@id":"https:\/\/www.oriocenter.it\/#website","url":"https:\/\/www.oriocenter.it\/","name":"Oriocenter","description":"Where shopping becomes an experience","publisher":{"@id":"https:\/\/www.oriocenter.it\/#organization"},"potentialAction":[{"@type":"SearchAction","target":{"@type":"EntryPoint","urlTemplate":"https:\/\/www.oriocenter.it\/?s={search_term_string}"},"query-input":{"@type":"PropertyValueSpecification","valueRequired":true,"valueName":"search_term_string"}}],"inLanguage":"en-GB"},{"@type":"Organization","@id":"https:\/\/www.oriocenter.it\/#organization","name":"Oriocenter","url":"https:\/\/www.oriocenter.it\/","logo":{"@type":"ImageObject","inLanguage":"en-GB","@id":"https:\/\/www.oriocenter.it\/#\/schema\/logo\/image\/","url":"https:\/\/www.oriocenter.it\/wp-content\/uploads\/2025\/01\/logo-orio-nero.svg","contentUrl":"https:\/\/www.oriocenter.it\/wp-content\/uploads\/2025\/01\/logo-orio-nero.svg","width":551,"height":106,"caption":"Oriocenter"},"image":{"@id":"https:\/\/www.oriocenter.it\/#\/schema\/logo\/image\/"}}]}},"_links":{"self":[{"href":"https:\/\/www.oriocenter.it\/en\/wp-json\/wp\/v2\/product\/5840","targetHints":{"allow":["GET"]}}],"collection":[{"href":"https:\/\/www.oriocenter.it\/en\/wp-json\/wp\/v2\/product"}],"about":[{"href":"https:\/\/www.oriocenter.it\/en\/wp-json\/wp\/v2\/types\/product"}],"replies":[{"embeddable":true,"href":"https:\/\/www.oriocenter.it\/en\/wp-json\/wp\/v2\/comments?post=5840"}],"wp:featuredmedia":[{"embeddable":true,"href":"https:\/\/www.oriocenter.it\/en\/wp-json\/wp\/v2\/media\/5842"}],"wp:attachment":[{"href":"https:\/\/www.oriocenter.it\/en\/wp-json\/wp\/v2\/media?parent=5840"}],"wp:term":[{"taxonomy":"product_brand","embeddable":true,"href":"https:\/\/www.oriocenter.it\/en\/wp-json\/wp\/v2\/product_brand?post=5840"},{"taxonomy":"product_cat","embeddable":true,"href":"https:\/\/www.oriocenter.it\/en\/wp-json\/wp\/v2\/product_cat?post=5840"},{"taxonomy":"product_tag","embeddable":true,"href":"https:\/\/www.oriocenter.it\/en\/wp-json\/wp\/v2\/product_tag?post=5840"}],"curies":[{"name":"wp","href":"https:\/\/api.w.org\/{rel}","templated":true}]}}