{"id":5831,"date":"2025-11-18T07:52:14","date_gmt":"2025-11-18T07:52:14","guid":{"rendered":"https:\/\/www.oriocenter.it\/?post_type=product&#038;p=5831"},"modified":"2025-11-18T07:52:14","modified_gmt":"2025-11-18T07:52:14","slug":"gioielleria-da-re","status":"publish","type":"product","link":"https:\/\/www.oriocenter.it\/en\/negozi\/gioielleria-da-re\/","title":{"rendered":"KING'S JEWELLERY"},"content":{"rendered":"<div>Since 1975,\u00a0<strong>Da Re Jewellery<\/strong>\u00a0is synonymous with excellence, style and reliability. Founded by a visionary and determined family, our boutique has grown to become a\u00a0<strong>a leader in the jewellery sector<\/strong>\u00a0in the Milanese hinterland, distinguishing itself by the high quality of its proposals and its attention to the customer.<\/div>\n<div>We have always carefully selected the most prestigious international high jewellery and watch brands, with a strong focus on Made in Italy, to offer refined, exclusive and unmistakable collections.<\/div>\n<div>Among the brands in the boutique<\/div>\n<div>-\u00a0 \u00a0 \u00a0 \u00a0<strong>SALVINI<\/strong>\u00a0- Elegance and craftsmanship for Italian fine jewellery.<\/div>\n<div>-\u00a0 \u00a0 \u00a0 \u00a0<strong>BLISS<\/strong>\u00a0- Innovative design for those who like to stand out every day.<\/div>\n<div>-\u00a0 \u00a0 \u00a0 \u00a0<strong>HAI-KOU<\/strong>\u00a0- Jewellery with cultured pearls, a symbol of style and purity.<\/div>\n<div>-\u00a0 \u00a0 \u00a0 \u00a0<strong>IDANDI<\/strong>\u00a0- 925 sterling silver and modern design with a Tuscan heart.<\/div>\n<div>-\u00a0 \u00a0 \u00a0 \u00a0<strong>ETRUSCA<\/strong>\u00a0- Italian goldsmith tradition in every detail.<\/div>\n<div>-\u00a0 \u00a0 \u00a0 \u00a0<strong>BRONZALLURE<\/strong>\u00a0- Made in Italy between refinement and manufacturing excellence.<\/div>\n<div>-\u00a0 \u00a0 \u00a0 \u00a0<strong>MAMAN ET SOPHIE<\/strong>\u00a0- Handmade jewellery in gold, silver and natural stones.<\/div>\n<div>-\u00a0 \u00a0 \u00a0 \u00a0<strong>DILVDO<\/strong>\u00a0- The tennis model reinterpreted with creativity and colour.<\/div>\n<div>-\u00a0 \u00a0 \u00a0 \u00a0<strong>LE BEB\u00c9<\/strong>\u00a0- Jewellery designed to accompany women on the journey of motherhood.<\/div>\n<div>-\u00a0 \u00a0 \u00a0 \u00a0<strong>THE JEWELS OF THE SUN<\/strong>\u00a0- Pure gold and precious stones for unique creations.<\/div>\n<div>-\u00a0 \u00a0 \u00a0 \u00a0<strong>FACCO<\/strong>\u00a0- Gold collections with classic and timeless appeal.<\/div>\n<div>-\u00a0 \u00a0 \u00a0 \u00a0<strong>CITIZEN<\/strong>\u00a0- Technological, precise, cutting-edge watches.<\/div>\n<div>-\u00a0 \u00a0 \u00a0 \u00a0<strong>BULOVA<\/strong>\u00a0- Reliable, elegant and timelessly designed watches.<\/div>\n<div><strong>Da Re Jewellery<\/strong>\u00a0is much more than a jeweller's: it is a point of reference for those seeking genuine emotion, professionalism and the value of time encapsulated in every detail.<\/div>","protected":false},"excerpt":{"rendered":"<p>Since 1975, Gioielleria Da Re has been synonymous with excellence, style and reliability. Born from a visionary and determined family, our boutique has grown to become a leader in the jewellery sector in the Milanese hinterland, distinguishing itself for the high quality of its proposals and its attention to the customer. We have always carefully selected the most prestigious brands of international high jewellery and watchmaking, [...]<\/p>","protected":false},"featured_media":5833,"comment_status":"open","ping_status":"closed","template":"","meta":{"_acf_changed":false},"product_brand":[],"product_cat":[545,532],"product_tag":[],"class_list":{"0":"post-5831","1":"product","2":"type-product","3":"status-publish","4":"has-post-thumbnail","6":"product_cat-gioielli","7":"product_cat-negozi","9":"first","10":"instock","11":"shipping-taxable","12":"product-type-simple"},"acf":[],"yoast_head":"<!-- This site is optimized with the Yoast SEO plugin v26.5 - https:\/\/yoast.com\/wordpress\/plugins\/seo\/ -->\n<title>GIOIELLERIA DA RE | Oriocenter<\/title>\n<meta name=\"robots\" content=\"index, follow, max-snippet:-1, max-image-preview:large, max-video-preview:-1\" \/>\n<link rel=\"canonical\" href=\"https:\/\/www.oriocenter.it\/en\/negozi\/gioielleria-da-re\/\" \/>\n<meta property=\"og:locale\" content=\"en_GB\" \/>\n<meta property=\"og:type\" content=\"article\" \/>\n<meta property=\"og:title\" content=\"GIOIELLERIA DA RE | Oriocenter\" \/>\n<meta property=\"og:description\" content=\"Dal 1975,\u00a0Gioielleria Da Re\u00a0\u00e8 sinonimo di eccellenza, stile e affidabilit\u00e0. Nata da una famiglia visionaria e determinata, la nostra boutique \u00e8 cresciuta fino a diventare un\u00a0leader nel settore della gioielleria\u00a0nell\u2019hinterland milanese, distinguendosi per l\u2019alta qualit\u00e0 delle proposte e l\u2019attenzione al cliente. Da sempre selezioniamo con cura i marchi pi\u00f9 prestigiosi dell\u2019alta gioielleria e dell\u2019orologeria internazionale, [&hellip;]\" \/>\n<meta property=\"og:url\" content=\"https:\/\/www.oriocenter.it\/en\/negozi\/gioielleria-da-re\/\" \/>\n<meta property=\"og:site_name\" content=\"Oriocenter\" \/>\n<meta property=\"og:image\" content=\"https:\/\/www.oriocenter.it\/wp-content\/uploads\/2025\/01\/Oriocenter_10.webp\" \/>\n\t<meta property=\"og:image:width\" content=\"960\" \/>\n\t<meta property=\"og:image:height\" content=\"640\" \/>\n\t<meta property=\"og:image:type\" content=\"image\/webp\" \/>\n<meta name=\"twitter:card\" content=\"summary_large_image\" \/>\n<meta name=\"twitter:label1\" content=\"Estimated reading time\" \/>\n\t<meta name=\"twitter:data1\" content=\"2 minutes\" \/>\n<script type=\"application\/ld+json\" class=\"yoast-schema-graph\">{\"@context\":\"https:\/\/schema.org\",\"@graph\":[{\"@type\":\"WebPage\",\"@id\":\"https:\/\/www.oriocenter.it\/negozi\/gioielleria-da-re\/\",\"url\":\"https:\/\/www.oriocenter.it\/negozi\/gioielleria-da-re\/\",\"name\":\"GIOIELLERIA DA RE | Oriocenter\",\"isPartOf\":{\"@id\":\"https:\/\/www.oriocenter.it\/#website\"},\"primaryImageOfPage\":{\"@id\":\"https:\/\/www.oriocenter.it\/negozi\/gioielleria-da-re\/#primaryimage\"},\"image\":{\"@id\":\"https:\/\/www.oriocenter.it\/negozi\/gioielleria-da-re\/#primaryimage\"},\"thumbnailUrl\":\"https:\/\/www.oriocenter.it\/wp-content\/uploads\/2025\/11\/vUtcD4tZhVBEeSbDtEtqDmjmclqPYsNNU7IadJs0.png\",\"datePublished\":\"2025-11-18T07:52:14+00:00\",\"breadcrumb\":{\"@id\":\"https:\/\/www.oriocenter.it\/negozi\/gioielleria-da-re\/#breadcrumb\"},\"inLanguage\":\"en-GB\",\"potentialAction\":[{\"@type\":\"ReadAction\",\"target\":[\"https:\/\/www.oriocenter.it\/negozi\/gioielleria-da-re\/\"]}]},{\"@type\":\"ImageObject\",\"inLanguage\":\"en-GB\",\"@id\":\"https:\/\/www.oriocenter.it\/negozi\/gioielleria-da-re\/#primaryimage\",\"url\":\"https:\/\/www.oriocenter.it\/wp-content\/uploads\/2025\/11\/vUtcD4tZhVBEeSbDtEtqDmjmclqPYsNNU7IadJs0.png\",\"contentUrl\":\"https:\/\/www.oriocenter.it\/wp-content\/uploads\/2025\/11\/vUtcD4tZhVBEeSbDtEtqDmjmclqPYsNNU7IadJs0.png\",\"width\":380,\"height\":150},{\"@type\":\"BreadcrumbList\",\"@id\":\"https:\/\/www.oriocenter.it\/negozi\/gioielleria-da-re\/#breadcrumb\",\"itemListElement\":[{\"@type\":\"ListItem\",\"position\":1,\"name\":\"Home\",\"item\":\"https:\/\/www.oriocenter.it\/\"},{\"@type\":\"ListItem\",\"position\":2,\"name\":\"Negozi\",\"item\":\"https:\/\/www.oriocenter.it\/negozi\/\"},{\"@type\":\"ListItem\",\"position\":3,\"name\":\"GIOIELLERIA DA RE\"}]},{\"@type\":\"WebSite\",\"@id\":\"https:\/\/www.oriocenter.it\/#website\",\"url\":\"https:\/\/www.oriocenter.it\/\",\"name\":\"Oriocenter\",\"description\":\"Dove lo shopping diventa esperienza\",\"publisher\":{\"@id\":\"https:\/\/www.oriocenter.it\/#organization\"},\"potentialAction\":[{\"@type\":\"SearchAction\",\"target\":{\"@type\":\"EntryPoint\",\"urlTemplate\":\"https:\/\/www.oriocenter.it\/?s={search_term_string}\"},\"query-input\":{\"@type\":\"PropertyValueSpecification\",\"valueRequired\":true,\"valueName\":\"search_term_string\"}}],\"inLanguage\":\"en-GB\"},{\"@type\":\"Organization\",\"@id\":\"https:\/\/www.oriocenter.it\/#organization\",\"name\":\"Oriocenter\",\"url\":\"https:\/\/www.oriocenter.it\/\",\"logo\":{\"@type\":\"ImageObject\",\"inLanguage\":\"en-GB\",\"@id\":\"https:\/\/www.oriocenter.it\/#\/schema\/logo\/image\/\",\"url\":\"https:\/\/www.oriocenter.it\/wp-content\/uploads\/2025\/01\/logo-orio-nero.svg\",\"contentUrl\":\"https:\/\/www.oriocenter.it\/wp-content\/uploads\/2025\/01\/logo-orio-nero.svg\",\"width\":551,\"height\":106,\"caption\":\"Oriocenter\"},\"image\":{\"@id\":\"https:\/\/www.oriocenter.it\/#\/schema\/logo\/image\/\"}}]}<\/script>\n<!-- \/ Yoast SEO plugin. -->","yoast_head_json":{"title":"DA RE JEWELRY | Oriocenter","robots":{"index":"index","follow":"follow","max-snippet":"max-snippet:-1","max-image-preview":"max-image-preview:large","max-video-preview":"max-video-preview:-1"},"canonical":"https:\/\/www.oriocenter.it\/en\/negozi\/gioielleria-da-re\/","og_locale":"en_GB","og_type":"article","og_title":"GIOIELLERIA DA RE | Oriocenter","og_description":"Dal 1975,\u00a0Gioielleria Da Re\u00a0\u00e8 sinonimo di eccellenza, stile e affidabilit\u00e0. Nata da una famiglia visionaria e determinata, la nostra boutique \u00e8 cresciuta fino a diventare un\u00a0leader nel settore della gioielleria\u00a0nell\u2019hinterland milanese, distinguendosi per l\u2019alta qualit\u00e0 delle proposte e l\u2019attenzione al cliente. Da sempre selezioniamo con cura i marchi pi\u00f9 prestigiosi dell\u2019alta gioielleria e dell\u2019orologeria internazionale, [&hellip;]","og_url":"https:\/\/www.oriocenter.it\/en\/negozi\/gioielleria-da-re\/","og_site_name":"Oriocenter","og_image":[{"width":960,"height":640,"url":"https:\/\/www.oriocenter.it\/wp-content\/uploads\/2025\/01\/Oriocenter_10.webp","type":"image\/webp"}],"twitter_card":"summary_large_image","twitter_misc":{"Estimated reading time":"2 minutes"},"schema":{"@context":"https:\/\/schema.org","@graph":[{"@type":"WebPage","@id":"https:\/\/www.oriocenter.it\/negozi\/gioielleria-da-re\/","url":"https:\/\/www.oriocenter.it\/negozi\/gioielleria-da-re\/","name":"DA RE JEWELRY | Oriocenter","isPartOf":{"@id":"https:\/\/www.oriocenter.it\/#website"},"primaryImageOfPage":{"@id":"https:\/\/www.oriocenter.it\/negozi\/gioielleria-da-re\/#primaryimage"},"image":{"@id":"https:\/\/www.oriocenter.it\/negozi\/gioielleria-da-re\/#primaryimage"},"thumbnailUrl":"https:\/\/www.oriocenter.it\/wp-content\/uploads\/2025\/11\/vUtcD4tZhVBEeSbDtEtqDmjmclqPYsNNU7IadJs0.png","datePublished":"2025-11-18T07:52:14+00:00","breadcrumb":{"@id":"https:\/\/www.oriocenter.it\/negozi\/gioielleria-da-re\/#breadcrumb"},"inLanguage":"en-GB","potentialAction":[{"@type":"ReadAction","target":["https:\/\/www.oriocenter.it\/negozi\/gioielleria-da-re\/"]}]},{"@type":"ImageObject","inLanguage":"en-GB","@id":"https:\/\/www.oriocenter.it\/negozi\/gioielleria-da-re\/#primaryimage","url":"https:\/\/www.oriocenter.it\/wp-content\/uploads\/2025\/11\/vUtcD4tZhVBEeSbDtEtqDmjmclqPYsNNU7IadJs0.png","contentUrl":"https:\/\/www.oriocenter.it\/wp-content\/uploads\/2025\/11\/vUtcD4tZhVBEeSbDtEtqDmjmclqPYsNNU7IadJs0.png","width":380,"height":150},{"@type":"BreadcrumbList","@id":"https:\/\/www.oriocenter.it\/negozi\/gioielleria-da-re\/#breadcrumb","itemListElement":[{"@type":"ListItem","position":1,"name":"Home","item":"https:\/\/www.oriocenter.it\/"},{"@type":"ListItem","position":2,"name":"Negozi","item":"https:\/\/www.oriocenter.it\/negozi\/"},{"@type":"ListItem","position":3,"name":"GIOIELLERIA DA RE"}]},{"@type":"WebSite","@id":"https:\/\/www.oriocenter.it\/#website","url":"https:\/\/www.oriocenter.it\/","name":"Oriocenter","description":"Where shopping becomes an experience","publisher":{"@id":"https:\/\/www.oriocenter.it\/#organization"},"potentialAction":[{"@type":"SearchAction","target":{"@type":"EntryPoint","urlTemplate":"https:\/\/www.oriocenter.it\/?s={search_term_string}"},"query-input":{"@type":"PropertyValueSpecification","valueRequired":true,"valueName":"search_term_string"}}],"inLanguage":"en-GB"},{"@type":"Organization","@id":"https:\/\/www.oriocenter.it\/#organization","name":"Oriocenter","url":"https:\/\/www.oriocenter.it\/","logo":{"@type":"ImageObject","inLanguage":"en-GB","@id":"https:\/\/www.oriocenter.it\/#\/schema\/logo\/image\/","url":"https:\/\/www.oriocenter.it\/wp-content\/uploads\/2025\/01\/logo-orio-nero.svg","contentUrl":"https:\/\/www.oriocenter.it\/wp-content\/uploads\/2025\/01\/logo-orio-nero.svg","width":551,"height":106,"caption":"Oriocenter"},"image":{"@id":"https:\/\/www.oriocenter.it\/#\/schema\/logo\/image\/"}}]}},"_links":{"self":[{"href":"https:\/\/www.oriocenter.it\/en\/wp-json\/wp\/v2\/product\/5831","targetHints":{"allow":["GET"]}}],"collection":[{"href":"https:\/\/www.oriocenter.it\/en\/wp-json\/wp\/v2\/product"}],"about":[{"href":"https:\/\/www.oriocenter.it\/en\/wp-json\/wp\/v2\/types\/product"}],"replies":[{"embeddable":true,"href":"https:\/\/www.oriocenter.it\/en\/wp-json\/wp\/v2\/comments?post=5831"}],"wp:featuredmedia":[{"embeddable":true,"href":"https:\/\/www.oriocenter.it\/en\/wp-json\/wp\/v2\/media\/5833"}],"wp:attachment":[{"href":"https:\/\/www.oriocenter.it\/en\/wp-json\/wp\/v2\/media?parent=5831"}],"wp:term":[{"taxonomy":"product_brand","embeddable":true,"href":"https:\/\/www.oriocenter.it\/en\/wp-json\/wp\/v2\/product_brand?post=5831"},{"taxonomy":"product_cat","embeddable":true,"href":"https:\/\/www.oriocenter.it\/en\/wp-json\/wp\/v2\/product_cat?post=5831"},{"taxonomy":"product_tag","embeddable":true,"href":"https:\/\/www.oriocenter.it\/en\/wp-json\/wp\/v2\/product_tag?post=5831"}],"curies":[{"name":"wp","href":"https:\/\/api.w.org\/{rel}","templated":true}]}}