{"id":5683,"date":"2025-11-11T10:54:40","date_gmt":"2025-11-11T10:54:40","guid":{"rendered":"https:\/\/www.oriocenter.it\/negozi\/triumph\/"},"modified":"2025-11-11T10:54:41","modified_gmt":"2025-11-11T10:54:41","slug":"triumph","status":"publish","type":"product","link":"https:\/\/www.oriocenter.it\/en\/negozi\/triumph\/","title":{"rendered":"TRIUMPH"},"content":{"rendered":"<p>Founded in 1886, Triumph today is one of the world's best known lingerie brands, thanks to collections that encompass comfort, perfect fit, high quality fabrics and innovative technologies to meet the diverse needs of women and support each of them in their daily lives, through those changes and needs that can change over time. With the awareness that no two people or bodies are the same, for Triumph every woman must be able to embrace her own being and enhance those differences that make her unique, thus celebrating feminine individuality every day.<\/p>","protected":false},"excerpt":{"rendered":"<p>Founded in 1886, Triumph today is one of the world's best-known lingerie brands, thanks to collections that combine comfort, perfect fit, high quality fabrics and innovative technologies to...<\/p>","protected":false},"featured_media":3957,"comment_status":"closed","ping_status":"open","template":"","meta":{"_acf_changed":false},"product_brand":[],"product_cat":[533,555,532],"product_tag":[],"class_list":{"0":"post-5683","1":"product","2":"type-product","3":"status-publish","4":"has-post-thumbnail","6":"product_cat-abbigliamento","7":"product_cat-intimo","8":"product_cat-negozi","10":"first","11":"instock","12":"product-type-simple"},"acf":[],"yoast_head":"<!-- This site is optimized with the Yoast SEO plugin v26.5 - https:\/\/yoast.com\/wordpress\/plugins\/seo\/ -->\n<title>TRIUMPH | Oriocenter<\/title>\n<meta name=\"robots\" content=\"index, follow, max-snippet:-1, max-image-preview:large, max-video-preview:-1\" \/>\n<link rel=\"canonical\" href=\"https:\/\/www.oriocenter.it\/en\/negozi\/triumph\/\" \/>\n<meta property=\"og:locale\" content=\"en_GB\" \/>\n<meta property=\"og:type\" content=\"article\" \/>\n<meta property=\"og:title\" content=\"TRIUMPH | Oriocenter\" \/>\n<meta property=\"og:description\" content=\"Nato nel 1886, Triumph oggi \u00e8 uno dei brand di lingerie pi\u00f9 conosciuti a livello mondiale, grazie a collezioni che racchiudono comfort, vestibilit\u00e0 perfetta, alta qualit\u00e0 dei tessuti e tecnologie innovative per\u2026\" \/>\n<meta property=\"og:url\" content=\"https:\/\/www.oriocenter.it\/en\/negozi\/triumph\/\" \/>\n<meta property=\"og:site_name\" content=\"Oriocenter\" \/>\n<meta property=\"article:modified_time\" content=\"2025-11-11T10:54:41+00:00\" \/>\n<meta property=\"og:image\" content=\"https:\/\/www.oriocenter.it\/wp-content\/uploads\/2025\/01\/Oriocenter_10.webp\" \/>\n\t<meta property=\"og:image:width\" content=\"960\" \/>\n\t<meta property=\"og:image:height\" content=\"640\" \/>\n\t<meta property=\"og:image:type\" content=\"image\/webp\" \/>\n<meta name=\"twitter:card\" content=\"summary_large_image\" \/>\n<script type=\"application\/ld+json\" class=\"yoast-schema-graph\">{\"@context\":\"https:\/\/schema.org\",\"@graph\":[{\"@type\":\"WebPage\",\"@id\":\"https:\/\/www.oriocenter.it\/negozi\/triumph\/\",\"url\":\"https:\/\/www.oriocenter.it\/negozi\/triumph\/\",\"name\":\"TRIUMPH | Oriocenter\",\"isPartOf\":{\"@id\":\"https:\/\/www.oriocenter.it\/#website\"},\"primaryImageOfPage\":{\"@id\":\"https:\/\/www.oriocenter.it\/negozi\/triumph\/#primaryimage\"},\"image\":{\"@id\":\"https:\/\/www.oriocenter.it\/negozi\/triumph\/#primaryimage\"},\"thumbnailUrl\":\"https:\/\/www.oriocenter.it\/wp-content\/uploads\/2025\/10\/iipQzMQ9ubqE5j4mKmskzljizSauQcJNtqBuBa60.png\",\"datePublished\":\"2025-11-11T10:54:40+00:00\",\"dateModified\":\"2025-11-11T10:54:41+00:00\",\"breadcrumb\":{\"@id\":\"https:\/\/www.oriocenter.it\/negozi\/triumph\/#breadcrumb\"},\"inLanguage\":\"en-GB\",\"potentialAction\":[{\"@type\":\"ReadAction\",\"target\":[\"https:\/\/www.oriocenter.it\/negozi\/triumph\/\"]}]},{\"@type\":\"ImageObject\",\"inLanguage\":\"en-GB\",\"@id\":\"https:\/\/www.oriocenter.it\/negozi\/triumph\/#primaryimage\",\"url\":\"https:\/\/www.oriocenter.it\/wp-content\/uploads\/2025\/10\/iipQzMQ9ubqE5j4mKmskzljizSauQcJNtqBuBa60.png\",\"contentUrl\":\"https:\/\/www.oriocenter.it\/wp-content\/uploads\/2025\/10\/iipQzMQ9ubqE5j4mKmskzljizSauQcJNtqBuBa60.png\",\"width\":380,\"height\":150},{\"@type\":\"BreadcrumbList\",\"@id\":\"https:\/\/www.oriocenter.it\/negozi\/triumph\/#breadcrumb\",\"itemListElement\":[{\"@type\":\"ListItem\",\"position\":1,\"name\":\"Home\",\"item\":\"https:\/\/www.oriocenter.it\/\"},{\"@type\":\"ListItem\",\"position\":2,\"name\":\"Negozi\",\"item\":\"https:\/\/www.oriocenter.it\/negozi\/\"},{\"@type\":\"ListItem\",\"position\":3,\"name\":\"TRIUMPH\"}]},{\"@type\":\"WebSite\",\"@id\":\"https:\/\/www.oriocenter.it\/#website\",\"url\":\"https:\/\/www.oriocenter.it\/\",\"name\":\"Oriocenter\",\"description\":\"Dove lo shopping diventa esperienza\",\"publisher\":{\"@id\":\"https:\/\/www.oriocenter.it\/#organization\"},\"potentialAction\":[{\"@type\":\"SearchAction\",\"target\":{\"@type\":\"EntryPoint\",\"urlTemplate\":\"https:\/\/www.oriocenter.it\/?s={search_term_string}\"},\"query-input\":{\"@type\":\"PropertyValueSpecification\",\"valueRequired\":true,\"valueName\":\"search_term_string\"}}],\"inLanguage\":\"en-GB\"},{\"@type\":\"Organization\",\"@id\":\"https:\/\/www.oriocenter.it\/#organization\",\"name\":\"Oriocenter\",\"url\":\"https:\/\/www.oriocenter.it\/\",\"logo\":{\"@type\":\"ImageObject\",\"inLanguage\":\"en-GB\",\"@id\":\"https:\/\/www.oriocenter.it\/#\/schema\/logo\/image\/\",\"url\":\"https:\/\/www.oriocenter.it\/wp-content\/uploads\/2025\/01\/logo-orio-nero.svg\",\"contentUrl\":\"https:\/\/www.oriocenter.it\/wp-content\/uploads\/2025\/01\/logo-orio-nero.svg\",\"width\":551,\"height\":106,\"caption\":\"Oriocenter\"},\"image\":{\"@id\":\"https:\/\/www.oriocenter.it\/#\/schema\/logo\/image\/\"}}]}<\/script>\n<!-- \/ Yoast SEO plugin. -->","yoast_head_json":{"title":"TRIUMPH | Oriocenter","robots":{"index":"index","follow":"follow","max-snippet":"max-snippet:-1","max-image-preview":"max-image-preview:large","max-video-preview":"max-video-preview:-1"},"canonical":"https:\/\/www.oriocenter.it\/en\/negozi\/triumph\/","og_locale":"en_GB","og_type":"article","og_title":"TRIUMPH | Oriocenter","og_description":"Nato nel 1886, Triumph oggi \u00e8 uno dei brand di lingerie pi\u00f9 conosciuti a livello mondiale, grazie a collezioni che racchiudono comfort, vestibilit\u00e0 perfetta, alta qualit\u00e0 dei tessuti e tecnologie innovative per\u2026","og_url":"https:\/\/www.oriocenter.it\/en\/negozi\/triumph\/","og_site_name":"Oriocenter","article_modified_time":"2025-11-11T10:54:41+00:00","og_image":[{"width":960,"height":640,"url":"https:\/\/www.oriocenter.it\/wp-content\/uploads\/2025\/01\/Oriocenter_10.webp","type":"image\/webp"}],"twitter_card":"summary_large_image","schema":{"@context":"https:\/\/schema.org","@graph":[{"@type":"WebPage","@id":"https:\/\/www.oriocenter.it\/negozi\/triumph\/","url":"https:\/\/www.oriocenter.it\/negozi\/triumph\/","name":"TRIUMPH | Oriocenter","isPartOf":{"@id":"https:\/\/www.oriocenter.it\/#website"},"primaryImageOfPage":{"@id":"https:\/\/www.oriocenter.it\/negozi\/triumph\/#primaryimage"},"image":{"@id":"https:\/\/www.oriocenter.it\/negozi\/triumph\/#primaryimage"},"thumbnailUrl":"https:\/\/www.oriocenter.it\/wp-content\/uploads\/2025\/10\/iipQzMQ9ubqE5j4mKmskzljizSauQcJNtqBuBa60.png","datePublished":"2025-11-11T10:54:40+00:00","dateModified":"2025-11-11T10:54:41+00:00","breadcrumb":{"@id":"https:\/\/www.oriocenter.it\/negozi\/triumph\/#breadcrumb"},"inLanguage":"en-GB","potentialAction":[{"@type":"ReadAction","target":["https:\/\/www.oriocenter.it\/negozi\/triumph\/"]}]},{"@type":"ImageObject","inLanguage":"en-GB","@id":"https:\/\/www.oriocenter.it\/negozi\/triumph\/#primaryimage","url":"https:\/\/www.oriocenter.it\/wp-content\/uploads\/2025\/10\/iipQzMQ9ubqE5j4mKmskzljizSauQcJNtqBuBa60.png","contentUrl":"https:\/\/www.oriocenter.it\/wp-content\/uploads\/2025\/10\/iipQzMQ9ubqE5j4mKmskzljizSauQcJNtqBuBa60.png","width":380,"height":150},{"@type":"BreadcrumbList","@id":"https:\/\/www.oriocenter.it\/negozi\/triumph\/#breadcrumb","itemListElement":[{"@type":"ListItem","position":1,"name":"Home","item":"https:\/\/www.oriocenter.it\/"},{"@type":"ListItem","position":2,"name":"Negozi","item":"https:\/\/www.oriocenter.it\/negozi\/"},{"@type":"ListItem","position":3,"name":"TRIUMPH"}]},{"@type":"WebSite","@id":"https:\/\/www.oriocenter.it\/#website","url":"https:\/\/www.oriocenter.it\/","name":"Oriocenter","description":"Where shopping becomes an experience","publisher":{"@id":"https:\/\/www.oriocenter.it\/#organization"},"potentialAction":[{"@type":"SearchAction","target":{"@type":"EntryPoint","urlTemplate":"https:\/\/www.oriocenter.it\/?s={search_term_string}"},"query-input":{"@type":"PropertyValueSpecification","valueRequired":true,"valueName":"search_term_string"}}],"inLanguage":"en-GB"},{"@type":"Organization","@id":"https:\/\/www.oriocenter.it\/#organization","name":"Oriocenter","url":"https:\/\/www.oriocenter.it\/","logo":{"@type":"ImageObject","inLanguage":"en-GB","@id":"https:\/\/www.oriocenter.it\/#\/schema\/logo\/image\/","url":"https:\/\/www.oriocenter.it\/wp-content\/uploads\/2025\/01\/logo-orio-nero.svg","contentUrl":"https:\/\/www.oriocenter.it\/wp-content\/uploads\/2025\/01\/logo-orio-nero.svg","width":551,"height":106,"caption":"Oriocenter"},"image":{"@id":"https:\/\/www.oriocenter.it\/#\/schema\/logo\/image\/"}}]}},"_links":{"self":[{"href":"https:\/\/www.oriocenter.it\/en\/wp-json\/wp\/v2\/product\/5683","targetHints":{"allow":["GET"]}}],"collection":[{"href":"https:\/\/www.oriocenter.it\/en\/wp-json\/wp\/v2\/product"}],"about":[{"href":"https:\/\/www.oriocenter.it\/en\/wp-json\/wp\/v2\/types\/product"}],"replies":[{"embeddable":true,"href":"https:\/\/www.oriocenter.it\/en\/wp-json\/wp\/v2\/comments?post=5683"}],"wp:featuredmedia":[{"embeddable":true,"href":"https:\/\/www.oriocenter.it\/en\/wp-json\/wp\/v2\/media\/3957"}],"wp:attachment":[{"href":"https:\/\/www.oriocenter.it\/en\/wp-json\/wp\/v2\/media?parent=5683"}],"wp:term":[{"taxonomy":"product_brand","embeddable":true,"href":"https:\/\/www.oriocenter.it\/en\/wp-json\/wp\/v2\/product_brand?post=5683"},{"taxonomy":"product_cat","embeddable":true,"href":"https:\/\/www.oriocenter.it\/en\/wp-json\/wp\/v2\/product_cat?post=5683"},{"taxonomy":"product_tag","embeddable":true,"href":"https:\/\/www.oriocenter.it\/en\/wp-json\/wp\/v2\/product_tag?post=5683"}],"curies":[{"name":"wp","href":"https:\/\/api.w.org\/{rel}","templated":true}]}}