{"id":5665,"date":"2025-11-11T10:54:34","date_gmt":"2025-11-11T10:54:34","guid":{"rendered":"https:\/\/www.oriocenter.it\/negozi\/sushi-daily\/"},"modified":"2025-11-11T10:54:35","modified_gmt":"2025-11-11T10:54:35","slug":"sushi-daily","status":"publish","type":"product","link":"https:\/\/www.oriocenter.it\/en\/negozi\/sushi-daily\/","title":{"rendered":"SUSHI DAILY"},"content":{"rendered":"<p>Discover our new kiosk in the Oriocenter shopping mall! The novelty is the double display case that will allow you to choose a ready-made sushi box, or to prepare your own tray, piece by piece! Our artisans are waiting for you every day from 9 a.m. to 10 p.m.!<\/p>","protected":false},"excerpt":{"rendered":"<p>Discover our new kiosk in the Oriocenter shopping mall! The novelty is the double display case that will allow you to choose a ready-made sushi box, or prepare your own tray, piece by piece! I...<\/p>","protected":false},"featured_media":4264,"comment_status":"closed","ping_status":"open","template":"","meta":{"_acf_changed":false},"product_brand":[],"product_cat":[567,538],"product_tag":[],"class_list":{"0":"post-5665","1":"product","2":"type-product","3":"status-publish","4":"has-post-thumbnail","6":"product_cat-cucina-giapponese","7":"product_cat-ristorazione","9":"first","10":"instock","11":"product-type-simple"},"acf":[],"yoast_head":"<!-- This site is optimized with the Yoast SEO plugin v26.5 - https:\/\/yoast.com\/wordpress\/plugins\/seo\/ -->\n<title>SUSHI DAILY | Oriocenter<\/title>\n<meta name=\"robots\" content=\"index, follow, max-snippet:-1, max-image-preview:large, max-video-preview:-1\" \/>\n<link rel=\"canonical\" href=\"https:\/\/www.oriocenter.it\/en\/negozi\/sushi-daily\/\" \/>\n<meta property=\"og:locale\" content=\"en_GB\" \/>\n<meta property=\"og:type\" content=\"article\" \/>\n<meta property=\"og:title\" content=\"SUSHI DAILY | Oriocenter\" \/>\n<meta property=\"og:description\" content=\"Scopri il nostro nuovo chiosco nella galleria commerciale di Oriocenter! La novit\u00e0 \u00e8 la doppia vetrina che ti permetter\u00e0 di scegliere una sushi box gi\u00e0 pronta, oppure di preparare il tuo vassoio, pezzo per pezzo! I\u2026\" \/>\n<meta property=\"og:url\" content=\"https:\/\/www.oriocenter.it\/en\/negozi\/sushi-daily\/\" \/>\n<meta property=\"og:site_name\" content=\"Oriocenter\" \/>\n<meta property=\"article:modified_time\" content=\"2025-11-11T10:54:35+00:00\" \/>\n<meta property=\"og:image\" content=\"https:\/\/www.oriocenter.it\/wp-content\/uploads\/2025\/01\/Oriocenter_10.webp\" \/>\n\t<meta property=\"og:image:width\" content=\"960\" \/>\n\t<meta property=\"og:image:height\" content=\"640\" \/>\n\t<meta property=\"og:image:type\" content=\"image\/webp\" \/>\n<meta name=\"twitter:card\" content=\"summary_large_image\" \/>\n<script type=\"application\/ld+json\" class=\"yoast-schema-graph\">{\"@context\":\"https:\/\/schema.org\",\"@graph\":[{\"@type\":\"WebPage\",\"@id\":\"https:\/\/www.oriocenter.it\/negozi\/sushi-daily\/\",\"url\":\"https:\/\/www.oriocenter.it\/negozi\/sushi-daily\/\",\"name\":\"SUSHI DAILY | Oriocenter\",\"isPartOf\":{\"@id\":\"https:\/\/www.oriocenter.it\/#website\"},\"primaryImageOfPage\":{\"@id\":\"https:\/\/www.oriocenter.it\/negozi\/sushi-daily\/#primaryimage\"},\"image\":{\"@id\":\"https:\/\/www.oriocenter.it\/negozi\/sushi-daily\/#primaryimage\"},\"thumbnailUrl\":\"https:\/\/www.oriocenter.it\/wp-content\/uploads\/2025\/10\/zbeS5MuEH9vmVEpo9AcGdIp8Wx6FjcFQAjaRm9ta.png\",\"datePublished\":\"2025-11-11T10:54:34+00:00\",\"dateModified\":\"2025-11-11T10:54:35+00:00\",\"breadcrumb\":{\"@id\":\"https:\/\/www.oriocenter.it\/negozi\/sushi-daily\/#breadcrumb\"},\"inLanguage\":\"en-GB\",\"potentialAction\":[{\"@type\":\"ReadAction\",\"target\":[\"https:\/\/www.oriocenter.it\/negozi\/sushi-daily\/\"]}]},{\"@type\":\"ImageObject\",\"inLanguage\":\"en-GB\",\"@id\":\"https:\/\/www.oriocenter.it\/negozi\/sushi-daily\/#primaryimage\",\"url\":\"https:\/\/www.oriocenter.it\/wp-content\/uploads\/2025\/10\/zbeS5MuEH9vmVEpo9AcGdIp8Wx6FjcFQAjaRm9ta.png\",\"contentUrl\":\"https:\/\/www.oriocenter.it\/wp-content\/uploads\/2025\/10\/zbeS5MuEH9vmVEpo9AcGdIp8Wx6FjcFQAjaRm9ta.png\",\"width\":380,\"height\":150},{\"@type\":\"BreadcrumbList\",\"@id\":\"https:\/\/www.oriocenter.it\/negozi\/sushi-daily\/#breadcrumb\",\"itemListElement\":[{\"@type\":\"ListItem\",\"position\":1,\"name\":\"Home\",\"item\":\"https:\/\/www.oriocenter.it\/\"},{\"@type\":\"ListItem\",\"position\":2,\"name\":\"Negozi\",\"item\":\"https:\/\/www.oriocenter.it\/negozi\/\"},{\"@type\":\"ListItem\",\"position\":3,\"name\":\"SUSHI DAILY\"}]},{\"@type\":\"WebSite\",\"@id\":\"https:\/\/www.oriocenter.it\/#website\",\"url\":\"https:\/\/www.oriocenter.it\/\",\"name\":\"Oriocenter\",\"description\":\"Dove lo shopping diventa esperienza\",\"publisher\":{\"@id\":\"https:\/\/www.oriocenter.it\/#organization\"},\"potentialAction\":[{\"@type\":\"SearchAction\",\"target\":{\"@type\":\"EntryPoint\",\"urlTemplate\":\"https:\/\/www.oriocenter.it\/?s={search_term_string}\"},\"query-input\":{\"@type\":\"PropertyValueSpecification\",\"valueRequired\":true,\"valueName\":\"search_term_string\"}}],\"inLanguage\":\"en-GB\"},{\"@type\":\"Organization\",\"@id\":\"https:\/\/www.oriocenter.it\/#organization\",\"name\":\"Oriocenter\",\"url\":\"https:\/\/www.oriocenter.it\/\",\"logo\":{\"@type\":\"ImageObject\",\"inLanguage\":\"en-GB\",\"@id\":\"https:\/\/www.oriocenter.it\/#\/schema\/logo\/image\/\",\"url\":\"https:\/\/www.oriocenter.it\/wp-content\/uploads\/2025\/01\/logo-orio-nero.svg\",\"contentUrl\":\"https:\/\/www.oriocenter.it\/wp-content\/uploads\/2025\/01\/logo-orio-nero.svg\",\"width\":551,\"height\":106,\"caption\":\"Oriocenter\"},\"image\":{\"@id\":\"https:\/\/www.oriocenter.it\/#\/schema\/logo\/image\/\"}}]}<\/script>\n<!-- \/ Yoast SEO plugin. -->","yoast_head_json":{"title":"SUSHI DAILY | Oriocenter","robots":{"index":"index","follow":"follow","max-snippet":"max-snippet:-1","max-image-preview":"max-image-preview:large","max-video-preview":"max-video-preview:-1"},"canonical":"https:\/\/www.oriocenter.it\/en\/negozi\/sushi-daily\/","og_locale":"en_GB","og_type":"article","og_title":"SUSHI DAILY | Oriocenter","og_description":"Scopri il nostro nuovo chiosco nella galleria commerciale di Oriocenter! La novit\u00e0 \u00e8 la doppia vetrina che ti permetter\u00e0 di scegliere una sushi box gi\u00e0 pronta, oppure di preparare il tuo vassoio, pezzo per pezzo! I\u2026","og_url":"https:\/\/www.oriocenter.it\/en\/negozi\/sushi-daily\/","og_site_name":"Oriocenter","article_modified_time":"2025-11-11T10:54:35+00:00","og_image":[{"width":960,"height":640,"url":"https:\/\/www.oriocenter.it\/wp-content\/uploads\/2025\/01\/Oriocenter_10.webp","type":"image\/webp"}],"twitter_card":"summary_large_image","schema":{"@context":"https:\/\/schema.org","@graph":[{"@type":"WebPage","@id":"https:\/\/www.oriocenter.it\/negozi\/sushi-daily\/","url":"https:\/\/www.oriocenter.it\/negozi\/sushi-daily\/","name":"SUSHI DAILY | Oriocenter","isPartOf":{"@id":"https:\/\/www.oriocenter.it\/#website"},"primaryImageOfPage":{"@id":"https:\/\/www.oriocenter.it\/negozi\/sushi-daily\/#primaryimage"},"image":{"@id":"https:\/\/www.oriocenter.it\/negozi\/sushi-daily\/#primaryimage"},"thumbnailUrl":"https:\/\/www.oriocenter.it\/wp-content\/uploads\/2025\/10\/zbeS5MuEH9vmVEpo9AcGdIp8Wx6FjcFQAjaRm9ta.png","datePublished":"2025-11-11T10:54:34+00:00","dateModified":"2025-11-11T10:54:35+00:00","breadcrumb":{"@id":"https:\/\/www.oriocenter.it\/negozi\/sushi-daily\/#breadcrumb"},"inLanguage":"en-GB","potentialAction":[{"@type":"ReadAction","target":["https:\/\/www.oriocenter.it\/negozi\/sushi-daily\/"]}]},{"@type":"ImageObject","inLanguage":"en-GB","@id":"https:\/\/www.oriocenter.it\/negozi\/sushi-daily\/#primaryimage","url":"https:\/\/www.oriocenter.it\/wp-content\/uploads\/2025\/10\/zbeS5MuEH9vmVEpo9AcGdIp8Wx6FjcFQAjaRm9ta.png","contentUrl":"https:\/\/www.oriocenter.it\/wp-content\/uploads\/2025\/10\/zbeS5MuEH9vmVEpo9AcGdIp8Wx6FjcFQAjaRm9ta.png","width":380,"height":150},{"@type":"BreadcrumbList","@id":"https:\/\/www.oriocenter.it\/negozi\/sushi-daily\/#breadcrumb","itemListElement":[{"@type":"ListItem","position":1,"name":"Home","item":"https:\/\/www.oriocenter.it\/"},{"@type":"ListItem","position":2,"name":"Negozi","item":"https:\/\/www.oriocenter.it\/negozi\/"},{"@type":"ListItem","position":3,"name":"SUSHI DAILY"}]},{"@type":"WebSite","@id":"https:\/\/www.oriocenter.it\/#website","url":"https:\/\/www.oriocenter.it\/","name":"Oriocenter","description":"Where shopping becomes an experience","publisher":{"@id":"https:\/\/www.oriocenter.it\/#organization"},"potentialAction":[{"@type":"SearchAction","target":{"@type":"EntryPoint","urlTemplate":"https:\/\/www.oriocenter.it\/?s={search_term_string}"},"query-input":{"@type":"PropertyValueSpecification","valueRequired":true,"valueName":"search_term_string"}}],"inLanguage":"en-GB"},{"@type":"Organization","@id":"https:\/\/www.oriocenter.it\/#organization","name":"Oriocenter","url":"https:\/\/www.oriocenter.it\/","logo":{"@type":"ImageObject","inLanguage":"en-GB","@id":"https:\/\/www.oriocenter.it\/#\/schema\/logo\/image\/","url":"https:\/\/www.oriocenter.it\/wp-content\/uploads\/2025\/01\/logo-orio-nero.svg","contentUrl":"https:\/\/www.oriocenter.it\/wp-content\/uploads\/2025\/01\/logo-orio-nero.svg","width":551,"height":106,"caption":"Oriocenter"},"image":{"@id":"https:\/\/www.oriocenter.it\/#\/schema\/logo\/image\/"}}]}},"_links":{"self":[{"href":"https:\/\/www.oriocenter.it\/en\/wp-json\/wp\/v2\/product\/5665","targetHints":{"allow":["GET"]}}],"collection":[{"href":"https:\/\/www.oriocenter.it\/en\/wp-json\/wp\/v2\/product"}],"about":[{"href":"https:\/\/www.oriocenter.it\/en\/wp-json\/wp\/v2\/types\/product"}],"replies":[{"embeddable":true,"href":"https:\/\/www.oriocenter.it\/en\/wp-json\/wp\/v2\/comments?post=5665"}],"wp:featuredmedia":[{"embeddable":true,"href":"https:\/\/www.oriocenter.it\/en\/wp-json\/wp\/v2\/media\/4264"}],"wp:attachment":[{"href":"https:\/\/www.oriocenter.it\/en\/wp-json\/wp\/v2\/media?parent=5665"}],"wp:term":[{"taxonomy":"product_brand","embeddable":true,"href":"https:\/\/www.oriocenter.it\/en\/wp-json\/wp\/v2\/product_brand?post=5665"},{"taxonomy":"product_cat","embeddable":true,"href":"https:\/\/www.oriocenter.it\/en\/wp-json\/wp\/v2\/product_cat?post=5665"},{"taxonomy":"product_tag","embeddable":true,"href":"https:\/\/www.oriocenter.it\/en\/wp-json\/wp\/v2\/product_tag?post=5665"}],"curies":[{"name":"wp","href":"https:\/\/api.w.org\/{rel}","templated":true}]}}