{"id":5636,"date":"2025-11-11T10:54:19","date_gmt":"2025-11-11T10:54:19","guid":{"rendered":"https:\/\/www.oriocenter.it\/negozi\/ragno\/"},"modified":"2025-11-14T07:49:40","modified_gmt":"2025-11-14T07:49:40","slug":"ragno","status":"publish","type":"product","link":"https:\/\/www.oriocenter.it\/en\/negozi\/ragno\/","title":{"rendered":"SPIDER"},"content":{"rendered":"<p>Ragno is an Italian clothing brand dedicated to women and men who seek quality, comfort and functionality. Collections of garments characterised by great wearability and comfort where \u201cmade in Italy\u201d know-how and the search for innovative fabrics come together to create clothing with essential and timeless lines. The focus on natural fibres, materials and sustainable packaging are an example of the company's commitment to the environment and to increasingly aware and responsible consumers.<\/p>","protected":false},"excerpt":{"rendered":"<p>Ragno is an Italian clothing brand dedicated to women and men who seek quality, comfort and functionality. Collections of garments characterised by great wearability and comfort where \u201cmade in Italy\u201d know-how and...<\/p>","protected":false},"featured_media":5767,"comment_status":"closed","ping_status":"closed","template":"","meta":{"_acf_changed":false},"product_brand":[],"product_cat":[533,536,532,537],"product_tag":[],"class_list":{"0":"post-5636","1":"product","2":"type-product","3":"status-publish","4":"has-post-thumbnail","6":"product_cat-abbigliamento","7":"product_cat-donna","8":"product_cat-negozi","9":"product_cat-uomo","11":"first","12":"instock","13":"product-type-simple"},"acf":[],"yoast_head":"<!-- This site is optimized with the Yoast SEO plugin v26.5 - https:\/\/yoast.com\/wordpress\/plugins\/seo\/ -->\n<title>RAGNO | Oriocenter<\/title>\n<meta name=\"robots\" content=\"index, follow, max-snippet:-1, max-image-preview:large, max-video-preview:-1\" \/>\n<link rel=\"canonical\" href=\"https:\/\/www.oriocenter.it\/en\/negozi\/ragno\/\" \/>\n<meta property=\"og:locale\" content=\"en_GB\" \/>\n<meta property=\"og:type\" content=\"article\" \/>\n<meta property=\"og:title\" content=\"RAGNO | Oriocenter\" \/>\n<meta property=\"og:description\" content=\"Ragno \u00e8 un marchio di abbigliamento italiano dedicato a donne e uomini che cercano qualit\u00e0, comodit\u00e0 e funzionalit\u00e0. Collezioni di capi caratterizzati da grande vestibilit\u00e0 e comfort dove il saper fare \u201cmade in Italy\u201d e\u2026\" \/>\n<meta property=\"og:url\" content=\"https:\/\/www.oriocenter.it\/en\/negozi\/ragno\/\" \/>\n<meta property=\"og:site_name\" content=\"Oriocenter\" \/>\n<meta property=\"article:modified_time\" content=\"2025-11-14T07:49:40+00:00\" \/>\n<meta property=\"og:image\" content=\"https:\/\/www.oriocenter.it\/wp-content\/uploads\/2025\/01\/Oriocenter_10.webp\" \/>\n\t<meta property=\"og:image:width\" content=\"960\" \/>\n\t<meta property=\"og:image:height\" content=\"640\" \/>\n\t<meta property=\"og:image:type\" content=\"image\/webp\" \/>\n<meta name=\"twitter:card\" content=\"summary_large_image\" \/>\n<meta name=\"twitter:label1\" content=\"Estimated reading time\" \/>\n\t<meta name=\"twitter:data1\" content=\"1 minute\" \/>\n<script type=\"application\/ld+json\" class=\"yoast-schema-graph\">{\"@context\":\"https:\/\/schema.org\",\"@graph\":[{\"@type\":\"WebPage\",\"@id\":\"https:\/\/www.oriocenter.it\/negozi\/ragno\/\",\"url\":\"https:\/\/www.oriocenter.it\/negozi\/ragno\/\",\"name\":\"RAGNO | Oriocenter\",\"isPartOf\":{\"@id\":\"https:\/\/www.oriocenter.it\/#website\"},\"primaryImageOfPage\":{\"@id\":\"https:\/\/www.oriocenter.it\/negozi\/ragno\/#primaryimage\"},\"image\":{\"@id\":\"https:\/\/www.oriocenter.it\/negozi\/ragno\/#primaryimage\"},\"thumbnailUrl\":\"https:\/\/www.oriocenter.it\/wp-content\/uploads\/2025\/11\/ragno.png\",\"datePublished\":\"2025-11-11T10:54:19+00:00\",\"dateModified\":\"2025-11-14T07:49:40+00:00\",\"breadcrumb\":{\"@id\":\"https:\/\/www.oriocenter.it\/negozi\/ragno\/#breadcrumb\"},\"inLanguage\":\"en-GB\",\"potentialAction\":[{\"@type\":\"ReadAction\",\"target\":[\"https:\/\/www.oriocenter.it\/negozi\/ragno\/\"]}]},{\"@type\":\"ImageObject\",\"inLanguage\":\"en-GB\",\"@id\":\"https:\/\/www.oriocenter.it\/negozi\/ragno\/#primaryimage\",\"url\":\"https:\/\/www.oriocenter.it\/wp-content\/uploads\/2025\/11\/ragno.png\",\"contentUrl\":\"https:\/\/www.oriocenter.it\/wp-content\/uploads\/2025\/11\/ragno.png\",\"width\":380,\"height\":150},{\"@type\":\"BreadcrumbList\",\"@id\":\"https:\/\/www.oriocenter.it\/negozi\/ragno\/#breadcrumb\",\"itemListElement\":[{\"@type\":\"ListItem\",\"position\":1,\"name\":\"Home\",\"item\":\"https:\/\/www.oriocenter.it\/\"},{\"@type\":\"ListItem\",\"position\":2,\"name\":\"Negozi\",\"item\":\"https:\/\/www.oriocenter.it\/negozi\/\"},{\"@type\":\"ListItem\",\"position\":3,\"name\":\"RAGNO\"}]},{\"@type\":\"WebSite\",\"@id\":\"https:\/\/www.oriocenter.it\/#website\",\"url\":\"https:\/\/www.oriocenter.it\/\",\"name\":\"Oriocenter\",\"description\":\"Dove lo shopping diventa esperienza\",\"publisher\":{\"@id\":\"https:\/\/www.oriocenter.it\/#organization\"},\"potentialAction\":[{\"@type\":\"SearchAction\",\"target\":{\"@type\":\"EntryPoint\",\"urlTemplate\":\"https:\/\/www.oriocenter.it\/?s={search_term_string}\"},\"query-input\":{\"@type\":\"PropertyValueSpecification\",\"valueRequired\":true,\"valueName\":\"search_term_string\"}}],\"inLanguage\":\"en-GB\"},{\"@type\":\"Organization\",\"@id\":\"https:\/\/www.oriocenter.it\/#organization\",\"name\":\"Oriocenter\",\"url\":\"https:\/\/www.oriocenter.it\/\",\"logo\":{\"@type\":\"ImageObject\",\"inLanguage\":\"en-GB\",\"@id\":\"https:\/\/www.oriocenter.it\/#\/schema\/logo\/image\/\",\"url\":\"https:\/\/www.oriocenter.it\/wp-content\/uploads\/2025\/01\/logo-orio-nero.svg\",\"contentUrl\":\"https:\/\/www.oriocenter.it\/wp-content\/uploads\/2025\/01\/logo-orio-nero.svg\",\"width\":551,\"height\":106,\"caption\":\"Oriocenter\"},\"image\":{\"@id\":\"https:\/\/www.oriocenter.it\/#\/schema\/logo\/image\/\"}}]}<\/script>\n<!-- \/ Yoast SEO plugin. -->","yoast_head_json":{"title":"RAGNO | Oriocenter","robots":{"index":"index","follow":"follow","max-snippet":"max-snippet:-1","max-image-preview":"max-image-preview:large","max-video-preview":"max-video-preview:-1"},"canonical":"https:\/\/www.oriocenter.it\/en\/negozi\/ragno\/","og_locale":"en_GB","og_type":"article","og_title":"RAGNO | Oriocenter","og_description":"Ragno \u00e8 un marchio di abbigliamento italiano dedicato a donne e uomini che cercano qualit\u00e0, comodit\u00e0 e funzionalit\u00e0. Collezioni di capi caratterizzati da grande vestibilit\u00e0 e comfort dove il saper fare \u201cmade in Italy\u201d e\u2026","og_url":"https:\/\/www.oriocenter.it\/en\/negozi\/ragno\/","og_site_name":"Oriocenter","article_modified_time":"2025-11-14T07:49:40+00:00","og_image":[{"width":960,"height":640,"url":"https:\/\/www.oriocenter.it\/wp-content\/uploads\/2025\/01\/Oriocenter_10.webp","type":"image\/webp"}],"twitter_card":"summary_large_image","twitter_misc":{"Estimated reading time":"1 minute"},"schema":{"@context":"https:\/\/schema.org","@graph":[{"@type":"WebPage","@id":"https:\/\/www.oriocenter.it\/negozi\/ragno\/","url":"https:\/\/www.oriocenter.it\/negozi\/ragno\/","name":"RAGNO | Oriocenter","isPartOf":{"@id":"https:\/\/www.oriocenter.it\/#website"},"primaryImageOfPage":{"@id":"https:\/\/www.oriocenter.it\/negozi\/ragno\/#primaryimage"},"image":{"@id":"https:\/\/www.oriocenter.it\/negozi\/ragno\/#primaryimage"},"thumbnailUrl":"https:\/\/www.oriocenter.it\/wp-content\/uploads\/2025\/11\/ragno.png","datePublished":"2025-11-11T10:54:19+00:00","dateModified":"2025-11-14T07:49:40+00:00","breadcrumb":{"@id":"https:\/\/www.oriocenter.it\/negozi\/ragno\/#breadcrumb"},"inLanguage":"en-GB","potentialAction":[{"@type":"ReadAction","target":["https:\/\/www.oriocenter.it\/negozi\/ragno\/"]}]},{"@type":"ImageObject","inLanguage":"en-GB","@id":"https:\/\/www.oriocenter.it\/negozi\/ragno\/#primaryimage","url":"https:\/\/www.oriocenter.it\/wp-content\/uploads\/2025\/11\/ragno.png","contentUrl":"https:\/\/www.oriocenter.it\/wp-content\/uploads\/2025\/11\/ragno.png","width":380,"height":150},{"@type":"BreadcrumbList","@id":"https:\/\/www.oriocenter.it\/negozi\/ragno\/#breadcrumb","itemListElement":[{"@type":"ListItem","position":1,"name":"Home","item":"https:\/\/www.oriocenter.it\/"},{"@type":"ListItem","position":2,"name":"Negozi","item":"https:\/\/www.oriocenter.it\/negozi\/"},{"@type":"ListItem","position":3,"name":"RAGNO"}]},{"@type":"WebSite","@id":"https:\/\/www.oriocenter.it\/#website","url":"https:\/\/www.oriocenter.it\/","name":"Oriocenter","description":"Where shopping becomes an experience","publisher":{"@id":"https:\/\/www.oriocenter.it\/#organization"},"potentialAction":[{"@type":"SearchAction","target":{"@type":"EntryPoint","urlTemplate":"https:\/\/www.oriocenter.it\/?s={search_term_string}"},"query-input":{"@type":"PropertyValueSpecification","valueRequired":true,"valueName":"search_term_string"}}],"inLanguage":"en-GB"},{"@type":"Organization","@id":"https:\/\/www.oriocenter.it\/#organization","name":"Oriocenter","url":"https:\/\/www.oriocenter.it\/","logo":{"@type":"ImageObject","inLanguage":"en-GB","@id":"https:\/\/www.oriocenter.it\/#\/schema\/logo\/image\/","url":"https:\/\/www.oriocenter.it\/wp-content\/uploads\/2025\/01\/logo-orio-nero.svg","contentUrl":"https:\/\/www.oriocenter.it\/wp-content\/uploads\/2025\/01\/logo-orio-nero.svg","width":551,"height":106,"caption":"Oriocenter"},"image":{"@id":"https:\/\/www.oriocenter.it\/#\/schema\/logo\/image\/"}}]}},"_links":{"self":[{"href":"https:\/\/www.oriocenter.it\/en\/wp-json\/wp\/v2\/product\/5636","targetHints":{"allow":["GET"]}}],"collection":[{"href":"https:\/\/www.oriocenter.it\/en\/wp-json\/wp\/v2\/product"}],"about":[{"href":"https:\/\/www.oriocenter.it\/en\/wp-json\/wp\/v2\/types\/product"}],"replies":[{"embeddable":true,"href":"https:\/\/www.oriocenter.it\/en\/wp-json\/wp\/v2\/comments?post=5636"}],"wp:featuredmedia":[{"embeddable":true,"href":"https:\/\/www.oriocenter.it\/en\/wp-json\/wp\/v2\/media\/5767"}],"wp:attachment":[{"href":"https:\/\/www.oriocenter.it\/en\/wp-json\/wp\/v2\/media?parent=5636"}],"wp:term":[{"taxonomy":"product_brand","embeddable":true,"href":"https:\/\/www.oriocenter.it\/en\/wp-json\/wp\/v2\/product_brand?post=5636"},{"taxonomy":"product_cat","embeddable":true,"href":"https:\/\/www.oriocenter.it\/en\/wp-json\/wp\/v2\/product_cat?post=5636"},{"taxonomy":"product_tag","embeddable":true,"href":"https:\/\/www.oriocenter.it\/en\/wp-json\/wp\/v2\/product_tag?post=5636"}],"curies":[{"name":"wp","href":"https:\/\/api.w.org\/{rel}","templated":true}]}}