{"id":5589,"date":"2025-11-11T10:54:05","date_gmt":"2025-11-11T10:54:05","guid":{"rendered":"https:\/\/www.oriocenter.it\/negozi\/michael-kors\/"},"modified":"2025-11-11T10:54:06","modified_gmt":"2025-11-11T10:54:06","slug":"michael-kors","status":"publish","type":"product","link":"https:\/\/www.oriocenter.it\/en\/negozi\/michael-kors\/","title":{"rendered":"MICHAEL KORS"},"content":{"rendered":"<p>Michael Kors is a world-renowned luxury clothing and accessories designer. The company that bears his name was founded in 1981 and has a worldwide presence with more than 950 shops in over 100 countries and distribution in the world's major shopping centres. The brand currently produces products under the Michael Kors Collection and MICHAEL Michael Kors brand names. These products include accessories, footwear, watches, jewellery, men's and women's clothing, eyewear and a perfume line. With its innate sense of glamour, Michael Kors offers the jet setter consumer a sophisticated, iconic and modern way of being.<\/p>","protected":false},"excerpt":{"rendered":"<p>Michael Kors is a world-renowned luxury clothing and accessories designer. The company that bears his name, founded in 1981, has a worldwide presence with more than 950 shops in more than 100 countries and...<\/p>","protected":false},"featured_media":3971,"comment_status":"closed","ping_status":"open","template":"","meta":{"_acf_changed":false},"product_brand":[],"product_cat":[533,536,532],"product_tag":[],"class_list":{"0":"post-5589","1":"product","2":"type-product","3":"status-publish","4":"has-post-thumbnail","6":"product_cat-abbigliamento","7":"product_cat-donna","8":"product_cat-negozi","10":"first","11":"instock","12":"product-type-simple"},"acf":[],"yoast_head":"<!-- This site is optimized with the Yoast SEO plugin v26.5 - https:\/\/yoast.com\/wordpress\/plugins\/seo\/ -->\n<title>MICHAEL KORS | Oriocenter<\/title>\n<meta name=\"robots\" content=\"index, follow, max-snippet:-1, max-image-preview:large, max-video-preview:-1\" \/>\n<link rel=\"canonical\" href=\"https:\/\/www.oriocenter.it\/en\/negozi\/michael-kors\/\" \/>\n<meta property=\"og:locale\" content=\"en_GB\" \/>\n<meta property=\"og:type\" content=\"article\" \/>\n<meta property=\"og:title\" content=\"MICHAEL KORS | Oriocenter\" \/>\n<meta property=\"og:description\" content=\"Michael Kors \u00e8 un designer di accessori e abbigliamento di lusso rinomato a livello mondiale. La compagnia che porta il suo nome, nata nel 1981, \u00e8 presente nel mondo con pi\u00f9 di 950 negozi in pi\u00f9 di 100 Paesi e vanta una\u2026\" \/>\n<meta property=\"og:url\" content=\"https:\/\/www.oriocenter.it\/en\/negozi\/michael-kors\/\" \/>\n<meta property=\"og:site_name\" content=\"Oriocenter\" \/>\n<meta property=\"article:modified_time\" content=\"2025-11-11T10:54:06+00:00\" \/>\n<meta property=\"og:image\" content=\"https:\/\/www.oriocenter.it\/wp-content\/uploads\/2025\/01\/Oriocenter_10.webp\" \/>\n\t<meta property=\"og:image:width\" content=\"960\" \/>\n\t<meta property=\"og:image:height\" content=\"640\" \/>\n\t<meta property=\"og:image:type\" content=\"image\/webp\" \/>\n<meta name=\"twitter:card\" content=\"summary_large_image\" \/>\n<script type=\"application\/ld+json\" class=\"yoast-schema-graph\">{\"@context\":\"https:\/\/schema.org\",\"@graph\":[{\"@type\":\"WebPage\",\"@id\":\"https:\/\/www.oriocenter.it\/negozi\/michael-kors\/\",\"url\":\"https:\/\/www.oriocenter.it\/negozi\/michael-kors\/\",\"name\":\"MICHAEL KORS | Oriocenter\",\"isPartOf\":{\"@id\":\"https:\/\/www.oriocenter.it\/#website\"},\"primaryImageOfPage\":{\"@id\":\"https:\/\/www.oriocenter.it\/negozi\/michael-kors\/#primaryimage\"},\"image\":{\"@id\":\"https:\/\/www.oriocenter.it\/negozi\/michael-kors\/#primaryimage\"},\"thumbnailUrl\":\"https:\/\/www.oriocenter.it\/wp-content\/uploads\/2025\/10\/PRdVaLPZ7Zq3DOkY166VHzVR5jhCm5zyc0hvU0SG.png\",\"datePublished\":\"2025-11-11T10:54:05+00:00\",\"dateModified\":\"2025-11-11T10:54:06+00:00\",\"breadcrumb\":{\"@id\":\"https:\/\/www.oriocenter.it\/negozi\/michael-kors\/#breadcrumb\"},\"inLanguage\":\"en-GB\",\"potentialAction\":[{\"@type\":\"ReadAction\",\"target\":[\"https:\/\/www.oriocenter.it\/negozi\/michael-kors\/\"]}]},{\"@type\":\"ImageObject\",\"inLanguage\":\"en-GB\",\"@id\":\"https:\/\/www.oriocenter.it\/negozi\/michael-kors\/#primaryimage\",\"url\":\"https:\/\/www.oriocenter.it\/wp-content\/uploads\/2025\/10\/PRdVaLPZ7Zq3DOkY166VHzVR5jhCm5zyc0hvU0SG.png\",\"contentUrl\":\"https:\/\/www.oriocenter.it\/wp-content\/uploads\/2025\/10\/PRdVaLPZ7Zq3DOkY166VHzVR5jhCm5zyc0hvU0SG.png\",\"width\":380,\"height\":150},{\"@type\":\"BreadcrumbList\",\"@id\":\"https:\/\/www.oriocenter.it\/negozi\/michael-kors\/#breadcrumb\",\"itemListElement\":[{\"@type\":\"ListItem\",\"position\":1,\"name\":\"Home\",\"item\":\"https:\/\/www.oriocenter.it\/\"},{\"@type\":\"ListItem\",\"position\":2,\"name\":\"Negozi\",\"item\":\"https:\/\/www.oriocenter.it\/negozi\/\"},{\"@type\":\"ListItem\",\"position\":3,\"name\":\"MICHAEL KORS\"}]},{\"@type\":\"WebSite\",\"@id\":\"https:\/\/www.oriocenter.it\/#website\",\"url\":\"https:\/\/www.oriocenter.it\/\",\"name\":\"Oriocenter\",\"description\":\"Dove lo shopping diventa esperienza\",\"publisher\":{\"@id\":\"https:\/\/www.oriocenter.it\/#organization\"},\"potentialAction\":[{\"@type\":\"SearchAction\",\"target\":{\"@type\":\"EntryPoint\",\"urlTemplate\":\"https:\/\/www.oriocenter.it\/?s={search_term_string}\"},\"query-input\":{\"@type\":\"PropertyValueSpecification\",\"valueRequired\":true,\"valueName\":\"search_term_string\"}}],\"inLanguage\":\"en-GB\"},{\"@type\":\"Organization\",\"@id\":\"https:\/\/www.oriocenter.it\/#organization\",\"name\":\"Oriocenter\",\"url\":\"https:\/\/www.oriocenter.it\/\",\"logo\":{\"@type\":\"ImageObject\",\"inLanguage\":\"en-GB\",\"@id\":\"https:\/\/www.oriocenter.it\/#\/schema\/logo\/image\/\",\"url\":\"https:\/\/www.oriocenter.it\/wp-content\/uploads\/2025\/01\/logo-orio-nero.svg\",\"contentUrl\":\"https:\/\/www.oriocenter.it\/wp-content\/uploads\/2025\/01\/logo-orio-nero.svg\",\"width\":551,\"height\":106,\"caption\":\"Oriocenter\"},\"image\":{\"@id\":\"https:\/\/www.oriocenter.it\/#\/schema\/logo\/image\/\"}}]}<\/script>\n<!-- \/ Yoast SEO plugin. -->","yoast_head_json":{"title":"MICHAEL KORS | Oriocenter","robots":{"index":"index","follow":"follow","max-snippet":"max-snippet:-1","max-image-preview":"max-image-preview:large","max-video-preview":"max-video-preview:-1"},"canonical":"https:\/\/www.oriocenter.it\/en\/negozi\/michael-kors\/","og_locale":"en_GB","og_type":"article","og_title":"MICHAEL KORS | Oriocenter","og_description":"Michael Kors \u00e8 un designer di accessori e abbigliamento di lusso rinomato a livello mondiale. La compagnia che porta il suo nome, nata nel 1981, \u00e8 presente nel mondo con pi\u00f9 di 950 negozi in pi\u00f9 di 100 Paesi e vanta una\u2026","og_url":"https:\/\/www.oriocenter.it\/en\/negozi\/michael-kors\/","og_site_name":"Oriocenter","article_modified_time":"2025-11-11T10:54:06+00:00","og_image":[{"width":960,"height":640,"url":"https:\/\/www.oriocenter.it\/wp-content\/uploads\/2025\/01\/Oriocenter_10.webp","type":"image\/webp"}],"twitter_card":"summary_large_image","schema":{"@context":"https:\/\/schema.org","@graph":[{"@type":"WebPage","@id":"https:\/\/www.oriocenter.it\/negozi\/michael-kors\/","url":"https:\/\/www.oriocenter.it\/negozi\/michael-kors\/","name":"MICHAEL KORS | Oriocenter","isPartOf":{"@id":"https:\/\/www.oriocenter.it\/#website"},"primaryImageOfPage":{"@id":"https:\/\/www.oriocenter.it\/negozi\/michael-kors\/#primaryimage"},"image":{"@id":"https:\/\/www.oriocenter.it\/negozi\/michael-kors\/#primaryimage"},"thumbnailUrl":"https:\/\/www.oriocenter.it\/wp-content\/uploads\/2025\/10\/PRdVaLPZ7Zq3DOkY166VHzVR5jhCm5zyc0hvU0SG.png","datePublished":"2025-11-11T10:54:05+00:00","dateModified":"2025-11-11T10:54:06+00:00","breadcrumb":{"@id":"https:\/\/www.oriocenter.it\/negozi\/michael-kors\/#breadcrumb"},"inLanguage":"en-GB","potentialAction":[{"@type":"ReadAction","target":["https:\/\/www.oriocenter.it\/negozi\/michael-kors\/"]}]},{"@type":"ImageObject","inLanguage":"en-GB","@id":"https:\/\/www.oriocenter.it\/negozi\/michael-kors\/#primaryimage","url":"https:\/\/www.oriocenter.it\/wp-content\/uploads\/2025\/10\/PRdVaLPZ7Zq3DOkY166VHzVR5jhCm5zyc0hvU0SG.png","contentUrl":"https:\/\/www.oriocenter.it\/wp-content\/uploads\/2025\/10\/PRdVaLPZ7Zq3DOkY166VHzVR5jhCm5zyc0hvU0SG.png","width":380,"height":150},{"@type":"BreadcrumbList","@id":"https:\/\/www.oriocenter.it\/negozi\/michael-kors\/#breadcrumb","itemListElement":[{"@type":"ListItem","position":1,"name":"Home","item":"https:\/\/www.oriocenter.it\/"},{"@type":"ListItem","position":2,"name":"Negozi","item":"https:\/\/www.oriocenter.it\/negozi\/"},{"@type":"ListItem","position":3,"name":"MICHAEL KORS"}]},{"@type":"WebSite","@id":"https:\/\/www.oriocenter.it\/#website","url":"https:\/\/www.oriocenter.it\/","name":"Oriocenter","description":"Where shopping becomes an experience","publisher":{"@id":"https:\/\/www.oriocenter.it\/#organization"},"potentialAction":[{"@type":"SearchAction","target":{"@type":"EntryPoint","urlTemplate":"https:\/\/www.oriocenter.it\/?s={search_term_string}"},"query-input":{"@type":"PropertyValueSpecification","valueRequired":true,"valueName":"search_term_string"}}],"inLanguage":"en-GB"},{"@type":"Organization","@id":"https:\/\/www.oriocenter.it\/#organization","name":"Oriocenter","url":"https:\/\/www.oriocenter.it\/","logo":{"@type":"ImageObject","inLanguage":"en-GB","@id":"https:\/\/www.oriocenter.it\/#\/schema\/logo\/image\/","url":"https:\/\/www.oriocenter.it\/wp-content\/uploads\/2025\/01\/logo-orio-nero.svg","contentUrl":"https:\/\/www.oriocenter.it\/wp-content\/uploads\/2025\/01\/logo-orio-nero.svg","width":551,"height":106,"caption":"Oriocenter"},"image":{"@id":"https:\/\/www.oriocenter.it\/#\/schema\/logo\/image\/"}}]}},"_links":{"self":[{"href":"https:\/\/www.oriocenter.it\/en\/wp-json\/wp\/v2\/product\/5589","targetHints":{"allow":["GET"]}}],"collection":[{"href":"https:\/\/www.oriocenter.it\/en\/wp-json\/wp\/v2\/product"}],"about":[{"href":"https:\/\/www.oriocenter.it\/en\/wp-json\/wp\/v2\/types\/product"}],"replies":[{"embeddable":true,"href":"https:\/\/www.oriocenter.it\/en\/wp-json\/wp\/v2\/comments?post=5589"}],"wp:featuredmedia":[{"embeddable":true,"href":"https:\/\/www.oriocenter.it\/en\/wp-json\/wp\/v2\/media\/3971"}],"wp:attachment":[{"href":"https:\/\/www.oriocenter.it\/en\/wp-json\/wp\/v2\/media?parent=5589"}],"wp:term":[{"taxonomy":"product_brand","embeddable":true,"href":"https:\/\/www.oriocenter.it\/en\/wp-json\/wp\/v2\/product_brand?post=5589"},{"taxonomy":"product_cat","embeddable":true,"href":"https:\/\/www.oriocenter.it\/en\/wp-json\/wp\/v2\/product_cat?post=5589"},{"taxonomy":"product_tag","embeddable":true,"href":"https:\/\/www.oriocenter.it\/en\/wp-json\/wp\/v2\/product_tag?post=5589"}],"curies":[{"name":"wp","href":"https:\/\/api.w.org\/{rel}","templated":true}]}}