{"id":5446,"date":"2025-11-11T10:53:21","date_gmt":"2025-11-11T10:53:21","guid":{"rendered":"https:\/\/www.oriocenter.it\/negozi\/c-house-cafe\/"},"modified":"2025-11-12T14:23:37","modified_gmt":"2025-11-12T14:23:37","slug":"c-house-cafe","status":"publish","type":"product","link":"https:\/\/www.oriocenter.it\/en\/negozi\/c-house-cafe\/","title":{"rendered":"C HOUSE CAFE"},"content":{"rendered":"<p>C House Caf\u00e9 Milano was created by Alberto Poli and Cristiano Iezzi. The Poli family has been in the coffee industry since 1962 and has been distributing its products in Italy and the rest of the world ever since. Their paths crossed and they decided to launch the C House Caf\u00e9 Milano concept. Six years after the opening of the first branch, C House Caf\u00e8 Milano has more than 65 sales outlets and is present in more than 10 countries worldwide. Today, C House Caf\u00e8 Milano brand stands for fresh roasted coffee, quality and excellent service. We create the best coffee solutions and continue to serve our customers with a fresh, quality product. Tradition and innovation are at the core of our business model and therefore we periodically enhance our product portfolio with new items, such as our premium pastries, open-face sandwiches, salads and main dishes. C House Caf\u00e9 Milano is complemented by the creativity of our logo designers and renowned architect Andrea Langhi. Andrea's aesthetic and vision of the C House Caf\u00e9 Milano concept is what makes it so inviting.<\/p>","protected":false},"excerpt":{"rendered":"<p>C House Caf\u00e9 Milano was created by Alberto Poli and Cristiano Iezzi. The Poli family has been in the coffee industry since 1962 and has been distributing its products in Italy and the rest of the world ever since. Their paths crossed...<\/p>","protected":false},"featured_media":4089,"comment_status":"closed","ping_status":"closed","template":"","meta":{"_acf_changed":false},"product_brand":[],"product_cat":[546,538],"product_tag":[],"class_list":{"0":"post-5446","1":"product","2":"type-product","3":"status-publish","4":"has-post-thumbnail","6":"product_cat-caffetteria-bar","7":"product_cat-ristorazione","9":"first","10":"instock","11":"product-type-simple"},"acf":[],"yoast_head":"<!-- This site is optimized with the Yoast SEO plugin v26.5 - https:\/\/yoast.com\/wordpress\/plugins\/seo\/ -->\n<title>C HOUSE CAFE | Oriocenter<\/title>\n<meta name=\"robots\" content=\"index, follow, max-snippet:-1, max-image-preview:large, max-video-preview:-1\" \/>\n<link rel=\"canonical\" href=\"https:\/\/www.oriocenter.it\/en\/negozi\/c-house-cafe\/\" \/>\n<meta property=\"og:locale\" content=\"en_GB\" \/>\n<meta property=\"og:type\" content=\"article\" \/>\n<meta property=\"og:title\" content=\"C HOUSE CAFE | Oriocenter\" \/>\n<meta property=\"og:description\" content=\"C House Caf\u00e8 Milano \u00e9 stato creato da Alberto Poli e Cristiano Iezzi. La famiglia Poli \u00e9 nell&#039;industria del caff\u00e9 dal 1962 e da allora distribuisce i propri prodotti in Italia e nel resto del mondo. Le loro strade si\u2026\" \/>\n<meta property=\"og:url\" content=\"https:\/\/www.oriocenter.it\/en\/negozi\/c-house-cafe\/\" \/>\n<meta property=\"og:site_name\" content=\"Oriocenter\" \/>\n<meta property=\"article:modified_time\" content=\"2025-11-12T14:23:37+00:00\" \/>\n<meta property=\"og:image\" content=\"https:\/\/www.oriocenter.it\/wp-content\/uploads\/2025\/01\/Oriocenter_10.webp\" \/>\n\t<meta property=\"og:image:width\" content=\"960\" \/>\n\t<meta property=\"og:image:height\" content=\"640\" \/>\n\t<meta property=\"og:image:type\" content=\"image\/webp\" \/>\n<meta name=\"twitter:card\" content=\"summary_large_image\" \/>\n<meta name=\"twitter:label1\" content=\"Estimated reading time\" \/>\n\t<meta name=\"twitter:data1\" content=\"2 minutes\" \/>\n<script type=\"application\/ld+json\" class=\"yoast-schema-graph\">{\"@context\":\"https:\/\/schema.org\",\"@graph\":[{\"@type\":\"WebPage\",\"@id\":\"https:\/\/www.oriocenter.it\/negozi\/c-house-cafe\/\",\"url\":\"https:\/\/www.oriocenter.it\/negozi\/c-house-cafe\/\",\"name\":\"C HOUSE CAFE | Oriocenter\",\"isPartOf\":{\"@id\":\"https:\/\/www.oriocenter.it\/#website\"},\"primaryImageOfPage\":{\"@id\":\"https:\/\/www.oriocenter.it\/negozi\/c-house-cafe\/#primaryimage\"},\"image\":{\"@id\":\"https:\/\/www.oriocenter.it\/negozi\/c-house-cafe\/#primaryimage\"},\"thumbnailUrl\":\"https:\/\/www.oriocenter.it\/wp-content\/uploads\/2025\/10\/JZM9k0VlvhfOwolKmyjhYEAiAX7feiRWbuBQebsm-1.jpeg\",\"datePublished\":\"2025-11-11T10:53:21+00:00\",\"dateModified\":\"2025-11-12T14:23:37+00:00\",\"breadcrumb\":{\"@id\":\"https:\/\/www.oriocenter.it\/negozi\/c-house-cafe\/#breadcrumb\"},\"inLanguage\":\"en-GB\",\"potentialAction\":[{\"@type\":\"ReadAction\",\"target\":[\"https:\/\/www.oriocenter.it\/negozi\/c-house-cafe\/\"]}]},{\"@type\":\"ImageObject\",\"inLanguage\":\"en-GB\",\"@id\":\"https:\/\/www.oriocenter.it\/negozi\/c-house-cafe\/#primaryimage\",\"url\":\"https:\/\/www.oriocenter.it\/wp-content\/uploads\/2025\/10\/JZM9k0VlvhfOwolKmyjhYEAiAX7feiRWbuBQebsm-1.jpeg\",\"contentUrl\":\"https:\/\/www.oriocenter.it\/wp-content\/uploads\/2025\/10\/JZM9k0VlvhfOwolKmyjhYEAiAX7feiRWbuBQebsm-1.jpeg\",\"width\":380,\"height\":150},{\"@type\":\"BreadcrumbList\",\"@id\":\"https:\/\/www.oriocenter.it\/negozi\/c-house-cafe\/#breadcrumb\",\"itemListElement\":[{\"@type\":\"ListItem\",\"position\":1,\"name\":\"Home\",\"item\":\"https:\/\/www.oriocenter.it\/\"},{\"@type\":\"ListItem\",\"position\":2,\"name\":\"Negozi\",\"item\":\"https:\/\/www.oriocenter.it\/negozi\/\"},{\"@type\":\"ListItem\",\"position\":3,\"name\":\"C HOUSE CAFE\"}]},{\"@type\":\"WebSite\",\"@id\":\"https:\/\/www.oriocenter.it\/#website\",\"url\":\"https:\/\/www.oriocenter.it\/\",\"name\":\"Oriocenter\",\"description\":\"Dove lo shopping diventa esperienza\",\"publisher\":{\"@id\":\"https:\/\/www.oriocenter.it\/#organization\"},\"potentialAction\":[{\"@type\":\"SearchAction\",\"target\":{\"@type\":\"EntryPoint\",\"urlTemplate\":\"https:\/\/www.oriocenter.it\/?s={search_term_string}\"},\"query-input\":{\"@type\":\"PropertyValueSpecification\",\"valueRequired\":true,\"valueName\":\"search_term_string\"}}],\"inLanguage\":\"en-GB\"},{\"@type\":\"Organization\",\"@id\":\"https:\/\/www.oriocenter.it\/#organization\",\"name\":\"Oriocenter\",\"url\":\"https:\/\/www.oriocenter.it\/\",\"logo\":{\"@type\":\"ImageObject\",\"inLanguage\":\"en-GB\",\"@id\":\"https:\/\/www.oriocenter.it\/#\/schema\/logo\/image\/\",\"url\":\"https:\/\/www.oriocenter.it\/wp-content\/uploads\/2025\/01\/logo-orio-nero.svg\",\"contentUrl\":\"https:\/\/www.oriocenter.it\/wp-content\/uploads\/2025\/01\/logo-orio-nero.svg\",\"width\":551,\"height\":106,\"caption\":\"Oriocenter\"},\"image\":{\"@id\":\"https:\/\/www.oriocenter.it\/#\/schema\/logo\/image\/\"}}]}<\/script>\n<!-- \/ Yoast SEO plugin. -->","yoast_head_json":{"title":"C HOUSE CAFE | Oriocenter","robots":{"index":"index","follow":"follow","max-snippet":"max-snippet:-1","max-image-preview":"max-image-preview:large","max-video-preview":"max-video-preview:-1"},"canonical":"https:\/\/www.oriocenter.it\/en\/negozi\/c-house-cafe\/","og_locale":"en_GB","og_type":"article","og_title":"C HOUSE CAFE | Oriocenter","og_description":"C House Caf\u00e8 Milano \u00e9 stato creato da Alberto Poli e Cristiano Iezzi. La famiglia Poli \u00e9 nell'industria del caff\u00e9 dal 1962 e da allora distribuisce i propri prodotti in Italia e nel resto del mondo. Le loro strade si\u2026","og_url":"https:\/\/www.oriocenter.it\/en\/negozi\/c-house-cafe\/","og_site_name":"Oriocenter","article_modified_time":"2025-11-12T14:23:37+00:00","og_image":[{"width":960,"height":640,"url":"https:\/\/www.oriocenter.it\/wp-content\/uploads\/2025\/01\/Oriocenter_10.webp","type":"image\/webp"}],"twitter_card":"summary_large_image","twitter_misc":{"Estimated reading time":"2 minutes"},"schema":{"@context":"https:\/\/schema.org","@graph":[{"@type":"WebPage","@id":"https:\/\/www.oriocenter.it\/negozi\/c-house-cafe\/","url":"https:\/\/www.oriocenter.it\/negozi\/c-house-cafe\/","name":"C HOUSE CAFE | Oriocenter","isPartOf":{"@id":"https:\/\/www.oriocenter.it\/#website"},"primaryImageOfPage":{"@id":"https:\/\/www.oriocenter.it\/negozi\/c-house-cafe\/#primaryimage"},"image":{"@id":"https:\/\/www.oriocenter.it\/negozi\/c-house-cafe\/#primaryimage"},"thumbnailUrl":"https:\/\/www.oriocenter.it\/wp-content\/uploads\/2025\/10\/JZM9k0VlvhfOwolKmyjhYEAiAX7feiRWbuBQebsm-1.jpeg","datePublished":"2025-11-11T10:53:21+00:00","dateModified":"2025-11-12T14:23:37+00:00","breadcrumb":{"@id":"https:\/\/www.oriocenter.it\/negozi\/c-house-cafe\/#breadcrumb"},"inLanguage":"en-GB","potentialAction":[{"@type":"ReadAction","target":["https:\/\/www.oriocenter.it\/negozi\/c-house-cafe\/"]}]},{"@type":"ImageObject","inLanguage":"en-GB","@id":"https:\/\/www.oriocenter.it\/negozi\/c-house-cafe\/#primaryimage","url":"https:\/\/www.oriocenter.it\/wp-content\/uploads\/2025\/10\/JZM9k0VlvhfOwolKmyjhYEAiAX7feiRWbuBQebsm-1.jpeg","contentUrl":"https:\/\/www.oriocenter.it\/wp-content\/uploads\/2025\/10\/JZM9k0VlvhfOwolKmyjhYEAiAX7feiRWbuBQebsm-1.jpeg","width":380,"height":150},{"@type":"BreadcrumbList","@id":"https:\/\/www.oriocenter.it\/negozi\/c-house-cafe\/#breadcrumb","itemListElement":[{"@type":"ListItem","position":1,"name":"Home","item":"https:\/\/www.oriocenter.it\/"},{"@type":"ListItem","position":2,"name":"Negozi","item":"https:\/\/www.oriocenter.it\/negozi\/"},{"@type":"ListItem","position":3,"name":"C HOUSE CAFE"}]},{"@type":"WebSite","@id":"https:\/\/www.oriocenter.it\/#website","url":"https:\/\/www.oriocenter.it\/","name":"Oriocenter","description":"Where shopping becomes an experience","publisher":{"@id":"https:\/\/www.oriocenter.it\/#organization"},"potentialAction":[{"@type":"SearchAction","target":{"@type":"EntryPoint","urlTemplate":"https:\/\/www.oriocenter.it\/?s={search_term_string}"},"query-input":{"@type":"PropertyValueSpecification","valueRequired":true,"valueName":"search_term_string"}}],"inLanguage":"en-GB"},{"@type":"Organization","@id":"https:\/\/www.oriocenter.it\/#organization","name":"Oriocenter","url":"https:\/\/www.oriocenter.it\/","logo":{"@type":"ImageObject","inLanguage":"en-GB","@id":"https:\/\/www.oriocenter.it\/#\/schema\/logo\/image\/","url":"https:\/\/www.oriocenter.it\/wp-content\/uploads\/2025\/01\/logo-orio-nero.svg","contentUrl":"https:\/\/www.oriocenter.it\/wp-content\/uploads\/2025\/01\/logo-orio-nero.svg","width":551,"height":106,"caption":"Oriocenter"},"image":{"@id":"https:\/\/www.oriocenter.it\/#\/schema\/logo\/image\/"}}]}},"_links":{"self":[{"href":"https:\/\/www.oriocenter.it\/en\/wp-json\/wp\/v2\/product\/5446","targetHints":{"allow":["GET"]}}],"collection":[{"href":"https:\/\/www.oriocenter.it\/en\/wp-json\/wp\/v2\/product"}],"about":[{"href":"https:\/\/www.oriocenter.it\/en\/wp-json\/wp\/v2\/types\/product"}],"replies":[{"embeddable":true,"href":"https:\/\/www.oriocenter.it\/en\/wp-json\/wp\/v2\/comments?post=5446"}],"wp:featuredmedia":[{"embeddable":true,"href":"https:\/\/www.oriocenter.it\/en\/wp-json\/wp\/v2\/media\/4089"}],"wp:attachment":[{"href":"https:\/\/www.oriocenter.it\/en\/wp-json\/wp\/v2\/media?parent=5446"}],"wp:term":[{"taxonomy":"product_brand","embeddable":true,"href":"https:\/\/www.oriocenter.it\/en\/wp-json\/wp\/v2\/product_brand?post=5446"},{"taxonomy":"product_cat","embeddable":true,"href":"https:\/\/www.oriocenter.it\/en\/wp-json\/wp\/v2\/product_cat?post=5446"},{"taxonomy":"product_tag","embeddable":true,"href":"https:\/\/www.oriocenter.it\/en\/wp-json\/wp\/v2\/product_tag?post=5446"}],"curies":[{"name":"wp","href":"https:\/\/api.w.org\/{rel}","templated":true}]}}